{"id":1134,"date":"2020-02-28T23:28:55","date_gmt":"2020-02-28T22:28:55","guid":{"rendered":"https:\/\/apova.ch.ownb.it\/?page_id=1134"},"modified":"2023-03-09T14:26:53","modified_gmt":"2023-03-09T13:26:53","slug":"trinkwasser","status":"publish","type":"page","link":"https:\/\/apova.ch\/de\/trinkwasser\/","title":{"rendered":"Trinkwasser"},"content":{"rendered":"<div class=\"page-section pageheading-slider align-default\">\n\t<div class=\"pageheading-swiper container-fluid\">\n\t\t<div class=\"row\">\n\t\t\t<div class=\"layout-default layout-margin-default col-xs-12 col-sm-12 col-md-12 col-lg-12 col-xl-12\">\n\t\t\t\t<div class=\"slider-integrated\" id=\"6a031a71cc8ba\">\n\t\t\t\t\t<div class=\"swiper-container swiper-container-initialized swiper-container-horizontal\" id=\"6a031a71cc8bc\">\n\t\t\t\t\t\t<div class=\"swiper-wrapper\">\n\t\t\t\t\t\t\t<div class=\"slide swiper-slide\" style=\"background-image: url('https:\/\/apova.ch\/wp-content\/uploads\/06_trinkwasser-scaled.jpg')\"><\/div>\n\t\t\t\t\t\t<\/div>\n\t\t\t\t\t\t<div class=\"swiper-pagination container\"><\/div>\n\t\t\t\t\t\t<div class=\"swiper-button-prev\"><\/div>\n\t\t\t\t\t\t<div class=\"swiper-button-next\"><\/div>\n\t\t\t\t\t<\/div>\n\t\t\t\t<\/div>\n\t\t\t\t\n\t\t\t<\/div>\n\t\t<\/div>\n\t<\/div>\n\t<div class=\"pageheading-content\">\n\t\t<div class=\"container\">\n\t\t\t<div class=\"row\">\n\t\t\t\t<div class=\"col-sm-6\">\n\t\t\t\t\t<div class=\"content\">\n\t\t\t\t\t\t<h1>Wir pflegen Installationen.<\/h1>\n\t\t\t\t\t<\/div>\n\t\t\t\t<\/div>\n\t\t\t<\/div>\n\t\t<\/div>\n\t<\/div>\n<\/div>\t\t<div class=\"page-section style-default layout-default align-default\" >\n\t\t\t<div class=\"container\">\n\t\t\t\t<div class=\"row\">\t\t\t<div class=\"layout-default layout-margin-default col-xs-12 col-sm-10 col-md-10 col-lg-10 col-xl-10\"><h1>apova \u2013 die Saubermacher f\u00fcr Ihr Trinkwasser\u00a0<\/h1><p>Aussen hui und innen pfui \u2013 so pr\u00e4sentieren sich sanit\u00e4re Anlage oft beim genaueren Hinschauen. Dreck und Korrosion in Filteranlagen und Leitungen verunm\u00f6glichen ein sauberes Trinkwasser. Auch wenn die Armaturen noch so blitzblank geputzt sind.<\/p><p>Obwohl wir uns in der Schweiz im Allgemeinen keine grossen Gedanken um unseren Umgang mit Wasser machen, ist die einwandfreie Qualit\u00e4t des Trink\u00adwassers und ein gut funktionierendes sanit\u00e4res Netz also nicht hoch genug einzusch\u00e4tzen. Und genau da setzten wir von apova mit unserer Philosophie an: tragen wir Sorge zu unserem kostbarsten Gut und pflegen unsere Infra\u00adstruktur. Nur so k\u00f6nnen wir unser gutes Wasser noch lange bedenkenlos geniessen.<\/p><\/div><\/div>\n\t\t\t<\/div>\n\t\t<\/div>\t\t<div class=\"page-section style-default layout-default align-default\" >\n\t\t\t<div class=\"container\">\n\t\t\t\t<div class=\"row\">\t\t\t<div class=\"col-xs-12 col-sm-12 col-md-12 col-lg-12 col-xl-12\">\t\t<div class=\"ug ug-xs-1-15 ug-sm-2-15 ug-md-2-15 ug-lg-2-15 ug-xl-2-15\">\n\t\t\t<div  class=\"content-box arrow-link style-light type-imgtop\">\n\t\n\t<div class=\"img-wrap\"><img loading=\"lazy\" decoding=\"async\" width=\"700\" height=\"450\" src=\"https:\/\/apova.ch\/wp-content\/uploads\/iStock-624546972-700x450.jpg\" class=\"attachment-tile size-tile\" alt=\"\" \/><\/div>\n\t<div class=\"content-wrap\">\n\t\t<div class=\"content no-inner-padding\">\n\t\t\t<h2>Wasserqualit\u00e4t<\/h2><p class=\"p1\">Wasser besitzt in der Schweiz eine ausserordentlich hohe Qualit\u00e4t. Aber Wasser ist nie konstant, Wasser lebt. Unz\u00e4hlige wichtige Mikroorganismen sind darin enthalten. Und bei schlechter oder fehlender Wartung der sanit\u00e4ren Anlagen gesellen sich schnell gesundheitsgef\u00e4hrdende Bakterien und Keime dazu. Grund daf\u00fcr k\u00f6nnen rostige Leitungen, verdreckte Filter oder abgenutze Dichtungen sein.<\/p>\n\t\t<\/div>\n\t<\/div>\n<\/div><div  class=\"content-box arrow-link style-light type-imgtop\">\n\t\n\t<div class=\"img-wrap\"><img loading=\"lazy\" decoding=\"async\" width=\"700\" height=\"450\" src=\"https:\/\/apova.ch\/wp-content\/uploads\/20230309_Bild_Trinkwasser_Pflege_Wartung_rechts_V01-700x450.jpg\" class=\"attachment-tile size-tile\" alt=\"\" \/><\/div>\n\t<div class=\"content-wrap\">\n\t\t<div class=\"content no-inner-padding\">\n\t\t\t<h2>Pflege und Wartung<\/h2><p class=\"p1\">Apova verf\u00fcgt \u00fcber jahrzentelanges Know-how in der fachm\u00e4nnischen Pflege und Wartung von sanit\u00e4ren Anlagen und sorgt daf\u00fcr, dass Sie Ihr Trinkwasser auch weiterhin absolut bedenkenlos geniessen k\u00f6nnen. <\/p>\n\t\t<\/div>\n\t<\/div>\n<\/div>\n\t\t<\/div><\/div><\/div>\n\t\t\t<\/div>\n\t\t<\/div>\t\t<div class=\"page-section style-default layout-default align-default\" >\n\t\t\t<div class=\"container\">\n\t\t\t\t<div class=\"row\">\t\t\t<div class=\"layout-default layout-margin-default col-xs-12 col-sm-12 col-md-12 col-lg-12 col-xl-12\">\t\t<div class=\"testimonial\">\n\t\t\t<blockquote>\u00abWer nicht jeden Tag etwas fu\u0308r seine Gesundheit aufbringt,\nmuss eines Tages sehr viel Zeit fu\u0308r die Krankheit opfern.\u00bb<\/blockquote>\n\t\t\t<div class=\"quote-info\">Sebastian Kneipp, deutsche Hydrotherapeut<\/div>\n\t\t<\/div><\/div><\/div>\n\t\t\t<\/div>\n\t\t<\/div>","protected":false},"excerpt":{"rendered":"<p>Wir pflegen Installationen. apova \u2013 die Saubermacher f\u00fcr Ihr Trinkwasser\u00a0Aussen hui und innen pfui \u2013 so pr\u00e4sentieren sich sanit\u00e4re Anlage oft beim genaueren Hinschauen. Dreck und Korrosion in Filteranlagen und Leitungen verunm\u00f6glichen ein sauberes Trinkwasser. Auch wenn die Armaturen noch so blitzblank geputzt sind.Obwohl wir uns in der Schweiz im Allgemeinen keine grossen Gedanken um [&hellip;]<\/p>\n","protected":false},"author":1,"featured_media":0,"parent":0,"menu_order":0,"comment_status":"closed","ping_status":"closed","template":"","meta":{"_acf_changed":false,"inline_featured_image":false,"footnotes":""},"class_list":["post-1134","page","type-page","status-publish","hentry"],"acf":[],"yoast_head":"<!-- This site is optimized with the Yoast SEO plugin v27.5 - https:\/\/yoast.com\/product\/yoast-seo-wordpress\/ -->\n<title>Trinkwasser - apova<\/title>\n<meta name=\"description\" content=\"Saubere und rostfreie Leitungen und eine gut gepflegte Filteranlage sind Voraussetzungen fu\u0308r perfektes Trinkwasser. Apova bietet Sanit\u00e4r-Service, Heizungs-Service und Trinkwasserhygiene.\" \/>\n<meta name=\"robots\" content=\"index, follow, max-snippet:-1, max-image-preview:large, max-video-preview:-1\" \/>\n<link rel=\"canonical\" href=\"https:\/\/apova.ch\/de\/trinkwasser\/\" \/>\n<meta property=\"og:locale\" content=\"de_DE\" \/>\n<meta property=\"og:type\" content=\"article\" \/>\n<meta property=\"og:title\" content=\"Trinkwasser - apova\" \/>\n<meta property=\"og:description\" content=\"Saubere und rostfreie Leitungen und eine gut gepflegte Filteranlage sind Voraussetzungen fu\u0308r perfektes Trinkwasser. Apova bietet Sanit\u00e4r-Service, Heizungs-Service und Trinkwasserhygiene.\" \/>\n<meta property=\"og:url\" content=\"https:\/\/apova.ch\/de\/trinkwasser\/\" \/>\n<meta property=\"og:site_name\" content=\"apova\" \/>\n<meta property=\"article:modified_time\" content=\"2023-03-09T13:26:53+00:00\" \/>\n<meta property=\"og:image\" content=\"https:\/\/apova.ch\/wp-content\/uploads\/iStock-624546972-700x450.jpg\" \/>\n<meta name=\"twitter:card\" content=\"summary_large_image\" \/>\n<meta name=\"twitter:label1\" content=\"Gesch\u00e4tzte Lesezeit\" \/>\n\t<meta name=\"twitter:data1\" content=\"1\u00a0Minute\" \/>\n<script type=\"application\/ld+json\" class=\"yoast-schema-graph\">{\"@context\":\"https:\\\/\\\/schema.org\",\"@graph\":[{\"@type\":\"WebPage\",\"@id\":\"https:\\\/\\\/apova.ch\\\/de\\\/trinkwasser\\\/\",\"url\":\"https:\\\/\\\/apova.ch\\\/de\\\/trinkwasser\\\/\",\"name\":\"Trinkwasser - apova\",\"isPartOf\":{\"@id\":\"https:\\\/\\\/apova.ch\\\/de\\\/#website\"},\"primaryImageOfPage\":{\"@id\":\"https:\\\/\\\/apova.ch\\\/de\\\/trinkwasser\\\/#primaryimage\"},\"image\":{\"@id\":\"https:\\\/\\\/apova.ch\\\/de\\\/trinkwasser\\\/#primaryimage\"},\"thumbnailUrl\":\"https:\\\/\\\/apova.ch\\\/wp-content\\\/uploads\\\/iStock-624546972-700x450.jpg\",\"datePublished\":\"2020-02-28T22:28:55+00:00\",\"dateModified\":\"2023-03-09T13:26:53+00:00\",\"description\":\"Saubere und rostfreie Leitungen und eine gut gepflegte Filteranlage sind Voraussetzungen fu\u0308r perfektes Trinkwasser. Apova bietet Sanit\u00e4r-Service, Heizungs-Service und Trinkwasserhygiene.\",\"breadcrumb\":{\"@id\":\"https:\\\/\\\/apova.ch\\\/de\\\/trinkwasser\\\/#breadcrumb\"},\"inLanguage\":\"de\",\"potentialAction\":[{\"@type\":\"ReadAction\",\"target\":[\"https:\\\/\\\/apova.ch\\\/de\\\/trinkwasser\\\/\"]}]},{\"@type\":\"ImageObject\",\"inLanguage\":\"de\",\"@id\":\"https:\\\/\\\/apova.ch\\\/de\\\/trinkwasser\\\/#primaryimage\",\"url\":\"https:\\\/\\\/apova.ch\\\/wp-content\\\/uploads\\\/iStock-624546972-700x450.jpg\",\"contentUrl\":\"https:\\\/\\\/apova.ch\\\/wp-content\\\/uploads\\\/iStock-624546972-700x450.jpg\"},{\"@type\":\"BreadcrumbList\",\"@id\":\"https:\\\/\\\/apova.ch\\\/de\\\/trinkwasser\\\/#breadcrumb\",\"itemListElement\":[{\"@type\":\"ListItem\",\"position\":1,\"name\":\"Startseite\",\"item\":\"https:\\\/\\\/apova.ch\\\/de\\\/\"},{\"@type\":\"ListItem\",\"position\":2,\"name\":\"Trinkwasser\"}]},{\"@type\":\"WebSite\",\"@id\":\"https:\\\/\\\/apova.ch\\\/de\\\/#website\",\"url\":\"https:\\\/\\\/apova.ch\\\/de\\\/\",\"name\":\"apova\",\"description\":\"\",\"potentialAction\":[{\"@type\":\"SearchAction\",\"target\":{\"@type\":\"EntryPoint\",\"urlTemplate\":\"https:\\\/\\\/apova.ch\\\/de\\\/?s={search_term_string}\"},\"query-input\":{\"@type\":\"PropertyValueSpecification\",\"valueRequired\":true,\"valueName\":\"search_term_string\"}}],\"inLanguage\":\"de\"}]}<\/script>\n<!-- \/ Yoast SEO plugin. -->","yoast_head_json":{"title":"Trinkwasser - apova","description":"Saubere und rostfreie Leitungen und eine gut gepflegte Filteranlage sind Voraussetzungen fu\u0308r perfektes Trinkwasser. Apova bietet Sanit\u00e4r-Service, Heizungs-Service und Trinkwasserhygiene.","robots":{"index":"index","follow":"follow","max-snippet":"max-snippet:-1","max-image-preview":"max-image-preview:large","max-video-preview":"max-video-preview:-1"},"canonical":"https:\/\/apova.ch\/de\/trinkwasser\/","og_locale":"de_DE","og_type":"article","og_title":"Trinkwasser - apova","og_description":"Saubere und rostfreie Leitungen und eine gut gepflegte Filteranlage sind Voraussetzungen fu\u0308r perfektes Trinkwasser. Apova bietet Sanit\u00e4r-Service, Heizungs-Service und Trinkwasserhygiene.","og_url":"https:\/\/apova.ch\/de\/trinkwasser\/","og_site_name":"apova","article_modified_time":"2023-03-09T13:26:53+00:00","og_image":[{"url":"https:\/\/apova.ch\/wp-content\/uploads\/iStock-624546972-700x450.jpg","type":"","width":"","height":""}],"twitter_card":"summary_large_image","twitter_misc":{"Gesch\u00e4tzte Lesezeit":"1\u00a0Minute"},"schema":{"@context":"https:\/\/schema.org","@graph":[{"@type":"WebPage","@id":"https:\/\/apova.ch\/de\/trinkwasser\/","url":"https:\/\/apova.ch\/de\/trinkwasser\/","name":"Trinkwasser - apova","isPartOf":{"@id":"https:\/\/apova.ch\/de\/#website"},"primaryImageOfPage":{"@id":"https:\/\/apova.ch\/de\/trinkwasser\/#primaryimage"},"image":{"@id":"https:\/\/apova.ch\/de\/trinkwasser\/#primaryimage"},"thumbnailUrl":"https:\/\/apova.ch\/wp-content\/uploads\/iStock-624546972-700x450.jpg","datePublished":"2020-02-28T22:28:55+00:00","dateModified":"2023-03-09T13:26:53+00:00","description":"Saubere und rostfreie Leitungen und eine gut gepflegte Filteranlage sind Voraussetzungen fu\u0308r perfektes Trinkwasser. Apova bietet Sanit\u00e4r-Service, Heizungs-Service und Trinkwasserhygiene.","breadcrumb":{"@id":"https:\/\/apova.ch\/de\/trinkwasser\/#breadcrumb"},"inLanguage":"de","potentialAction":[{"@type":"ReadAction","target":["https:\/\/apova.ch\/de\/trinkwasser\/"]}]},{"@type":"ImageObject","inLanguage":"de","@id":"https:\/\/apova.ch\/de\/trinkwasser\/#primaryimage","url":"https:\/\/apova.ch\/wp-content\/uploads\/iStock-624546972-700x450.jpg","contentUrl":"https:\/\/apova.ch\/wp-content\/uploads\/iStock-624546972-700x450.jpg"},{"@type":"BreadcrumbList","@id":"https:\/\/apova.ch\/de\/trinkwasser\/#breadcrumb","itemListElement":[{"@type":"ListItem","position":1,"name":"Startseite","item":"https:\/\/apova.ch\/de\/"},{"@type":"ListItem","position":2,"name":"Trinkwasser"}]},{"@type":"WebSite","@id":"https:\/\/apova.ch\/de\/#website","url":"https:\/\/apova.ch\/de\/","name":"apova","description":"","potentialAction":[{"@type":"SearchAction","target":{"@type":"EntryPoint","urlTemplate":"https:\/\/apova.ch\/de\/?s={search_term_string}"},"query-input":{"@type":"PropertyValueSpecification","valueRequired":true,"valueName":"search_term_string"}}],"inLanguage":"de"}]}},"_links":{"self":[{"href":"https:\/\/apova.ch\/de\/wp-json\/wp\/v2\/pages\/1134","targetHints":{"allow":["GET"]}}],"collection":[{"href":"https:\/\/apova.ch\/de\/wp-json\/wp\/v2\/pages"}],"about":[{"href":"https:\/\/apova.ch\/de\/wp-json\/wp\/v2\/types\/page"}],"author":[{"embeddable":true,"href":"https:\/\/apova.ch\/de\/wp-json\/wp\/v2\/users\/1"}],"replies":[{"embeddable":true,"href":"https:\/\/apova.ch\/de\/wp-json\/wp\/v2\/comments?post=1134"}],"version-history":[{"count":41,"href":"https:\/\/apova.ch\/de\/wp-json\/wp\/v2\/pages\/1134\/revisions"}],"predecessor-version":[{"id":2375,"href":"https:\/\/apova.ch\/de\/wp-json\/wp\/v2\/pages\/1134\/revisions\/2375"}],"wp:attachment":[{"href":"https:\/\/apova.ch\/de\/wp-json\/wp\/v2\/media?parent=1134"}],"curies":[{"name":"wp","href":"https:\/\/api.w.org\/{rel}","templated":true}]}}