{"id":1570,"date":"2020-04-03T11:53:21","date_gmt":"2020-04-03T09:53:21","guid":{"rendered":"https:\/\/apova.ch.ownb.it\/?page_id=1570"},"modified":"2023-01-31T11:23:47","modified_gmt":"2023-01-31T10:23:47","slug":"ohne-wasser-kein-leben","status":"publish","type":"page","link":"https:\/\/apova.ch\/de\/trinkwasser\/ohne-wasser-kein-leben\/","title":{"rendered":"Ohne Wasser kein Leben"},"content":{"rendered":"<div class=\"page-section pageheading-slider align-default\">\n\t<div class=\"pageheading-swiper container-fluid\">\n\t\t<div class=\"row\">\n\t\t\t<div class=\"layout-default layout-margin-default col-xs-12 col-sm-12 col-md-12 col-lg-12 col-xl-12\">\n\t\t\t\t<div class=\"slider-integrated\" id=\"6a031a645b5fd\">\n\t\t\t\t\t<div class=\"swiper-container swiper-container-initialized swiper-container-horizontal\" id=\"6a031a645b5ff\">\n\t\t\t\t\t\t<div class=\"swiper-wrapper\">\n\t\t\t\t\t\t\t<div class=\"slide swiper-slide\" style=\"background-image: url('https:\/\/apova.ch\/wp-content\/uploads\/07_ohne-wasser-kein-leben-scaled.jpg')\"><\/div>\n\t\t\t\t\t\t<\/div>\n\t\t\t\t\t\t<div class=\"swiper-pagination container\"><\/div>\n\t\t\t\t\t\t<div class=\"swiper-button-prev\"><\/div>\n\t\t\t\t\t\t<div class=\"swiper-button-next\"><\/div>\n\t\t\t\t\t<\/div>\n\t\t\t\t<\/div>\n\t\t\t\t\n\t\t\t<\/div>\n\t\t<\/div>\n\t<\/div>\n\t<div class=\"pageheading-content\">\n\t\t<div class=\"container\">\n\t\t\t<div class=\"row\">\n\t\t\t\t<div class=\"col-sm-6\">\n\t\t\t\t\t<div class=\"content\">\n\t\t\t\t\t\t<h1>Wir pflegen Installationen.<\/h1>\n\t\t\t\t\t<\/div>\n\t\t\t\t<\/div>\n\t\t\t<\/div>\n\t\t<\/div>\n\t<\/div>\n<\/div>\t\t<div class=\"page-section style-default layout-default align-default\" >\n\t\t\t<div class=\"container\">\n\t\t\t\t<div class=\"row\">\t\t\t<div class=\"layout-default layout-margin-default col-xs-12 col-sm-10 col-md-10 col-lg-10 col-xl-10\"><h1 class=\"p1\">Wir machen uns ganz viel Gedanken dar\u00fcber, wie Sie Ihr Trinkwasser gedankenlos geniessen k\u00f6nnen.<\/h1><p>Unser Trinkwasser in der Schweiz ist von ausgezeichneter Qualit\u00e4t.<br \/>Doch auch im besten Wasser leben verschiedene Mikroorganismen und bilden einen Biofilm. Ein solcher Belag ist normal und f\u00fcr den Menschen ungef\u00e4hrlich, wenn sich die Bakterienzusammensetzung in einem gesunden Gleichgewicht befindet.<\/p><p>Das Wachstum von Bakterien und damit die Ausbildung von Biofilmen wird in der Regel durch die Verf\u00fcgbarkeit von assimilierbaren organischen Kohlenstoffverbindungen (AOC) limitiert. Diese Kohlenstoffverbindungen sind das \u00abFutter\u00bb f\u00fcr die Bakterien. Sie werden haupts\u00e4chlich durch Verschmutzungen sowie durch die im System verbauten Werkstoffe ins Wasser eingetragen. Die bekanntesten im Wasser lebenden Bakterien sind Legionellen. Legionellen sind weltweit in Oberfl\u00e4chengew\u00e4ssern und in technischen Wassersystemen verbreitet, wo sie sich insbesondere im Inneren von Am\u00f6ben vermehren. Sie sind fester Bestandteil der nat\u00fcrlichen mikrobiellen Gesellschaft und k\u00f6nnen durch Aufbereitungs- und normale Desinfektionsverfahren nicht vollst\u00e4ndig eliminiert werden.<\/p><p>In der Schweiz ist die Wasserqualit\u00e4t national geregelt. F\u00fcr die Versorgung mit Trinkwasser und die Sicherstellung der national vorgegebenen Wasserqualit\u00e4t sind die Kantone zust\u00e4ndig.<\/p><p>Geb\u00e4ude-Trinkwasserinstallationen f\u00fcr den Eigengebrauch, die nur der privaten h\u00e4uslichen Verwendung dienen, fallen nicht unter die Lebensmittelgesetzgebung. Hier gilt die Selbstverantwortung des Eigent\u00fcmers\/Betreibers. Allerdings muss der Eigent\u00fcmer oder Betreiber sicherstellen, \u00abdass die Geb\u00e4ude-Trinkwasserinstallation nach den anerkannten Regeln der Technik geplant, ausgef\u00fchrt, betrieben und Instand gehalten wird sowie von dieser keine Gefahr f\u00fcr das kommunale Wasserverteilnetz ausgeht\u00bb (W3\/E4: 5.1). Eine Selbstkontrolle ist nicht vorgeschrieben, wird jedoch dringend empfohlen, um eine Gesundheitsgef\u00e4hrdung der eigenen Person und der Angeh\u00f6rigen zu vermeiden.<\/p><p>Anders sieht es bei Eigent\u00fcmern und Betreibern von Geb\u00e4udeinstallationen aus, die Trinkwasser an Endabnehmer (Wohnungsmieter, Angestellte, Kunden usw.) abgeben. Sie gelten als \u00abWasserversorger\u00bb (Art. 2 Abs. c TBDV). Darunter fallen auch gewerbliche Betriebe wie Restaurants, Hotels oder Arztpraxen, die in einem Geb\u00e4ude eingemietet sind und ihrerseits Trinkwasser an Endabnehmer abgeben. Allerdings sind sie nach dem Lebensmittelgesetz (LMG) zur Selbstkontrolle verpflichtet und f\u00fcr die Qualit\u00e4t des bereitgestellten Trinkwassers verantwortlich (Art. 26 LMG). Sie m\u00fcssen regelm\u00e4ssige Kontrollen durchf\u00fchren, den Unterhalt der Trinkwasserinstallation nach W3\/E2 sicherstellen und Reparaturen durch fachkundige Sanit\u00e4rfachkr\u00e4fte durchf\u00fchren und dokumentieren lassen. Weitere Einzelheiten finden Sie detailliert in der Lebensmittel- und Gebrauchsgegenst\u00e4ndeverordnung (LGV), insbesondere die Pflicht, f\u00fcr die Selbstkontrolle eine verantwortliche Person zu bezeichnen (Art. 73 LGV) und eine angemessene Dokumentation zu f\u00fchren (Art. 85 LGV). <br \/>Hier setzt der Grundgedanke von apova an: Wir dokumentieren alle unsere Leistungen objektspezifisch um Ihnen als Kunde einen l\u00fcckenlosen Wartungsnachweis zur Verf\u00fcgung zu stellen.<\/p><\/div><\/div>\n\t\t\t<\/div>\n\t\t<\/div>\t\t<div class=\"page-section style-default layout-default align-default\" >\n\t\t\t<div class=\"container\">\n\t\t\t\t<div class=\"row\">\t\t\t<div class=\"layout-default layout-margin-default col-xs-12 col-sm-12 col-md-12 col-lg-12 col-xl-12\">\t\t<div class=\"testimonial\">\n\t\t\t<blockquote>\u00abMan k\u00f6nnte sehr viel Wasser sparen,\nw\u00fcrden wir Menschen mehr Wasser trinken.\u00bb<\/blockquote>\n\t\t\t<div class=\"quote-info\">Stefan Fleischer (*1938), Rentner, vorher Organisator einer Gro\u00dfbank<\/div>\n\t\t<\/div><\/div><\/div>\n\t\t\t<\/div>\n\t\t<\/div>","protected":false},"excerpt":{"rendered":"<p>Wir pflegen Installationen. Wir machen uns ganz viel Gedanken dar\u00fcber, wie Sie Ihr Trinkwasser gedankenlos geniessen k\u00f6nnen.Unser Trinkwasser in der Schweiz ist von ausgezeichneter Qualit\u00e4t.Doch auch im besten Wasser leben verschiedene Mikroorganismen und bilden einen Biofilm. Ein solcher Belag ist normal und f\u00fcr den Menschen ungef\u00e4hrlich, wenn sich die Bakterienzusammensetzung in einem gesunden Gleichgewicht befindet.Das [&hellip;]<\/p>\n","protected":false},"author":1,"featured_media":0,"parent":1134,"menu_order":0,"comment_status":"closed","ping_status":"closed","template":"","meta":{"_acf_changed":false,"inline_featured_image":false,"footnotes":""},"class_list":["post-1570","page","type-page","status-publish","hentry"],"acf":[],"yoast_head":"<!-- This site is optimized with the Yoast SEO plugin v27.5 - https:\/\/yoast.com\/product\/yoast-seo-wordpress\/ -->\n<title>Ohne Wasser kein Leben - apova<\/title>\n<meta name=\"description\" content=\"Unsere ganze Gesundheit basiert auf einem einwandfrei funktionierendem Abwassersystem und frei zug\u00e4nglichem Trinkwasser. Das klingt selbstverst\u00e4ndlich, ist es aber nicht. Apova bietet Sanit\u00e4r-Service, Heizungs-Service und Trinkwasserhygiene.\" \/>\n<meta name=\"robots\" content=\"index, follow, max-snippet:-1, max-image-preview:large, max-video-preview:-1\" \/>\n<link rel=\"canonical\" href=\"https:\/\/apova.ch\/de\/trinkwasser\/ohne-wasser-kein-leben\/\" \/>\n<meta property=\"og:locale\" content=\"de_DE\" \/>\n<meta property=\"og:type\" content=\"article\" \/>\n<meta property=\"og:title\" content=\"Ohne Wasser kein Leben - apova\" \/>\n<meta property=\"og:description\" content=\"Unsere ganze Gesundheit basiert auf einem einwandfrei funktionierendem Abwassersystem und frei zug\u00e4nglichem Trinkwasser. Das klingt selbstverst\u00e4ndlich, ist es aber nicht. Apova bietet Sanit\u00e4r-Service, Heizungs-Service und Trinkwasserhygiene.\" \/>\n<meta property=\"og:url\" content=\"https:\/\/apova.ch\/de\/trinkwasser\/ohne-wasser-kein-leben\/\" \/>\n<meta property=\"og:site_name\" content=\"apova\" \/>\n<meta property=\"article:modified_time\" content=\"2023-01-31T10:23:47+00:00\" \/>\n<meta name=\"twitter:card\" content=\"summary_large_image\" \/>\n<meta name=\"twitter:label1\" content=\"Gesch\u00e4tzte Lesezeit\" \/>\n\t<meta name=\"twitter:data1\" content=\"2\u00a0Minuten\" \/>\n<script type=\"application\/ld+json\" class=\"yoast-schema-graph\">{\"@context\":\"https:\\\/\\\/schema.org\",\"@graph\":[{\"@type\":\"WebPage\",\"@id\":\"https:\\\/\\\/apova.ch\\\/de\\\/trinkwasser\\\/ohne-wasser-kein-leben\\\/\",\"url\":\"https:\\\/\\\/apova.ch\\\/de\\\/trinkwasser\\\/ohne-wasser-kein-leben\\\/\",\"name\":\"Ohne Wasser kein Leben - apova\",\"isPartOf\":{\"@id\":\"https:\\\/\\\/apova.ch\\\/de\\\/#website\"},\"datePublished\":\"2020-04-03T09:53:21+00:00\",\"dateModified\":\"2023-01-31T10:23:47+00:00\",\"description\":\"Unsere ganze Gesundheit basiert auf einem einwandfrei funktionierendem Abwassersystem und frei zug\u00e4nglichem Trinkwasser. Das klingt selbstverst\u00e4ndlich, ist es aber nicht. Apova bietet Sanit\u00e4r-Service, Heizungs-Service und Trinkwasserhygiene.\",\"breadcrumb\":{\"@id\":\"https:\\\/\\\/apova.ch\\\/de\\\/trinkwasser\\\/ohne-wasser-kein-leben\\\/#breadcrumb\"},\"inLanguage\":\"de\",\"potentialAction\":[{\"@type\":\"ReadAction\",\"target\":[\"https:\\\/\\\/apova.ch\\\/de\\\/trinkwasser\\\/ohne-wasser-kein-leben\\\/\"]}]},{\"@type\":\"BreadcrumbList\",\"@id\":\"https:\\\/\\\/apova.ch\\\/de\\\/trinkwasser\\\/ohne-wasser-kein-leben\\\/#breadcrumb\",\"itemListElement\":[{\"@type\":\"ListItem\",\"position\":1,\"name\":\"Startseite\",\"item\":\"https:\\\/\\\/apova.ch\\\/de\\\/\"},{\"@type\":\"ListItem\",\"position\":2,\"name\":\"Trinkwasser\",\"item\":\"https:\\\/\\\/apova.ch\\\/de\\\/trinkwasser\\\/\"},{\"@type\":\"ListItem\",\"position\":3,\"name\":\"Ohne Wasser kein Leben\"}]},{\"@type\":\"WebSite\",\"@id\":\"https:\\\/\\\/apova.ch\\\/de\\\/#website\",\"url\":\"https:\\\/\\\/apova.ch\\\/de\\\/\",\"name\":\"apova\",\"description\":\"\",\"potentialAction\":[{\"@type\":\"SearchAction\",\"target\":{\"@type\":\"EntryPoint\",\"urlTemplate\":\"https:\\\/\\\/apova.ch\\\/de\\\/?s={search_term_string}\"},\"query-input\":{\"@type\":\"PropertyValueSpecification\",\"valueRequired\":true,\"valueName\":\"search_term_string\"}}],\"inLanguage\":\"de\"}]}<\/script>\n<!-- \/ Yoast SEO plugin. -->","yoast_head_json":{"title":"Ohne Wasser kein Leben - apova","description":"Unsere ganze Gesundheit basiert auf einem einwandfrei funktionierendem Abwassersystem und frei zug\u00e4nglichem Trinkwasser. Das klingt selbstverst\u00e4ndlich, ist es aber nicht. Apova bietet Sanit\u00e4r-Service, Heizungs-Service und Trinkwasserhygiene.","robots":{"index":"index","follow":"follow","max-snippet":"max-snippet:-1","max-image-preview":"max-image-preview:large","max-video-preview":"max-video-preview:-1"},"canonical":"https:\/\/apova.ch\/de\/trinkwasser\/ohne-wasser-kein-leben\/","og_locale":"de_DE","og_type":"article","og_title":"Ohne Wasser kein Leben - apova","og_description":"Unsere ganze Gesundheit basiert auf einem einwandfrei funktionierendem Abwassersystem und frei zug\u00e4nglichem Trinkwasser. Das klingt selbstverst\u00e4ndlich, ist es aber nicht. Apova bietet Sanit\u00e4r-Service, Heizungs-Service und Trinkwasserhygiene.","og_url":"https:\/\/apova.ch\/de\/trinkwasser\/ohne-wasser-kein-leben\/","og_site_name":"apova","article_modified_time":"2023-01-31T10:23:47+00:00","twitter_card":"summary_large_image","twitter_misc":{"Gesch\u00e4tzte Lesezeit":"2\u00a0Minuten"},"schema":{"@context":"https:\/\/schema.org","@graph":[{"@type":"WebPage","@id":"https:\/\/apova.ch\/de\/trinkwasser\/ohne-wasser-kein-leben\/","url":"https:\/\/apova.ch\/de\/trinkwasser\/ohne-wasser-kein-leben\/","name":"Ohne Wasser kein Leben - apova","isPartOf":{"@id":"https:\/\/apova.ch\/de\/#website"},"datePublished":"2020-04-03T09:53:21+00:00","dateModified":"2023-01-31T10:23:47+00:00","description":"Unsere ganze Gesundheit basiert auf einem einwandfrei funktionierendem Abwassersystem und frei zug\u00e4nglichem Trinkwasser. Das klingt selbstverst\u00e4ndlich, ist es aber nicht. Apova bietet Sanit\u00e4r-Service, Heizungs-Service und Trinkwasserhygiene.","breadcrumb":{"@id":"https:\/\/apova.ch\/de\/trinkwasser\/ohne-wasser-kein-leben\/#breadcrumb"},"inLanguage":"de","potentialAction":[{"@type":"ReadAction","target":["https:\/\/apova.ch\/de\/trinkwasser\/ohne-wasser-kein-leben\/"]}]},{"@type":"BreadcrumbList","@id":"https:\/\/apova.ch\/de\/trinkwasser\/ohne-wasser-kein-leben\/#breadcrumb","itemListElement":[{"@type":"ListItem","position":1,"name":"Startseite","item":"https:\/\/apova.ch\/de\/"},{"@type":"ListItem","position":2,"name":"Trinkwasser","item":"https:\/\/apova.ch\/de\/trinkwasser\/"},{"@type":"ListItem","position":3,"name":"Ohne Wasser kein Leben"}]},{"@type":"WebSite","@id":"https:\/\/apova.ch\/de\/#website","url":"https:\/\/apova.ch\/de\/","name":"apova","description":"","potentialAction":[{"@type":"SearchAction","target":{"@type":"EntryPoint","urlTemplate":"https:\/\/apova.ch\/de\/?s={search_term_string}"},"query-input":{"@type":"PropertyValueSpecification","valueRequired":true,"valueName":"search_term_string"}}],"inLanguage":"de"}]}},"_links":{"self":[{"href":"https:\/\/apova.ch\/de\/wp-json\/wp\/v2\/pages\/1570","targetHints":{"allow":["GET"]}}],"collection":[{"href":"https:\/\/apova.ch\/de\/wp-json\/wp\/v2\/pages"}],"about":[{"href":"https:\/\/apova.ch\/de\/wp-json\/wp\/v2\/types\/page"}],"author":[{"embeddable":true,"href":"https:\/\/apova.ch\/de\/wp-json\/wp\/v2\/users\/1"}],"replies":[{"embeddable":true,"href":"https:\/\/apova.ch\/de\/wp-json\/wp\/v2\/comments?post=1570"}],"version-history":[{"count":22,"href":"https:\/\/apova.ch\/de\/wp-json\/wp\/v2\/pages\/1570\/revisions"}],"predecessor-version":[{"id":2213,"href":"https:\/\/apova.ch\/de\/wp-json\/wp\/v2\/pages\/1570\/revisions\/2213"}],"up":[{"embeddable":true,"href":"https:\/\/apova.ch\/de\/wp-json\/wp\/v2\/pages\/1134"}],"wp:attachment":[{"href":"https:\/\/apova.ch\/de\/wp-json\/wp\/v2\/media?parent=1570"}],"curies":[{"name":"wp","href":"https:\/\/api.w.org\/{rel}","templated":true}]}}