{"id":1589,"date":"2020-04-03T13:29:21","date_gmt":"2020-04-03T11:29:21","guid":{"rendered":"https:\/\/apova.ch.ownb.it\/?page_id=1589"},"modified":"2023-03-14T20:35:33","modified_gmt":"2023-03-14T19:35:33","slug":"leitbild","status":"publish","type":"page","link":"https:\/\/apova.ch\/de\/ueber-uns\/leitbild\/","title":{"rendered":"Leitbild"},"content":{"rendered":"<div class=\"page-section pageheading-slider align-default\">\n\t<div class=\"pageheading-swiper container-fluid\">\n\t\t<div class=\"row\">\n\t\t\t<div class=\"layout-default layout-margin-default col-xs-12 col-sm-12 col-md-12 col-lg-12 col-xl-12\">\n\t\t\t\t<div class=\"slider-integrated\" id=\"6a031a5c471e6\">\n\t\t\t\t\t<div class=\"swiper-container swiper-container-initialized swiper-container-horizontal\" id=\"6a031a5c471e8\">\n\t\t\t\t\t\t<div class=\"swiper-wrapper\">\n\t\t\t\t\t\t\t<div class=\"slide swiper-slide\" style=\"background-image: url('https:\/\/apova.ch\/wp-content\/uploads\/10_philosophie-scaled.jpg')\"><\/div>\n\t\t\t\t\t\t<\/div>\n\t\t\t\t\t\t<div class=\"swiper-pagination container\"><\/div>\n\t\t\t\t\t\t<div class=\"swiper-button-prev\"><\/div>\n\t\t\t\t\t\t<div class=\"swiper-button-next\"><\/div>\n\t\t\t\t\t<\/div>\n\t\t\t\t<\/div>\n\t\t\t\t\n\t\t\t<\/div>\n\t\t<\/div>\n\t<\/div>\n\t<div class=\"pageheading-content\">\n\t\t<div class=\"container\">\n\t\t\t<div class=\"row\">\n\t\t\t\t<div class=\"col-sm-6\">\n\t\t\t\t\t<div class=\"content\">\n\t\t\t\t\t\t<h1>Wir pflegen Installationen.<\/h1>\n\n\t\t\t\t\t<\/div>\n\t\t\t\t<\/div>\n\t\t\t<\/div>\n\t\t<\/div>\n\t<\/div>\n<\/div>\t\t<div class=\"page-section style-default layout-default align-default\" >\n\t\t\t<div class=\"container\">\n\t\t\t\t<div class=\"row\">\t\t\t<div class=\"layout-default layout-margin-default col-xs-12 col-sm-8 col-md-8 col-lg-8 col-xl-8\"><h1 class=\"p1\">Wasser predigen und Wein<br \/>\ntrinken geht nicht.<\/h1>\n<p>Wir haben uns Nachhaltigkeit auf die Fahne geschrieben und setzen dies in unserem Alltag konsequent um.<br \/>\nDenn wer glaubw\u00fcrdig sein will, muss immer zuerst bei sich selbst beginnen.<\/p>\n<p>So sind zum Beispiel alle unsere Einsatzfahrzeuge rein elektrisch angetrieben. Wir sind \u00fcberzeugt, dass sich l\u00e4ngerfristiges Denken auszahlen wird.<\/p>\n<p>Unser Einsatzgebiet sind die Regionen Aadorf \u2013 Frauenfeld \u2013 Winterthur und deren Umgebung. Wir kennen unsere Kundschaft und setzen auf Vertrauen und Kontinuit\u00e4t.<\/p>\n<p>Dank unserer konsequenten Nutzung von cleveren Cloud-Anwendungen arbeiten wir papierlos. Unsere Leistungen bleiben f\u00fcr Sie als Kunde dadurch absolut transparent und nachverfolgbar.<\/p>\n<\/div><\/div>\n\t\t\t<\/div>\n\t\t<\/div>\t\t<div class=\"page-section style-default layout-default align-default\" >\n\t\t\t<div class=\"container\">\n\t\t\t\t<div class=\"row\">\t\t\t<div class=\"layout-default layout-margin-default col-xs-12 col-sm-8 col-md-8 col-lg-8 col-xl-8\"><h2 class=\"p1\">Unser Zweck<\/h2>\n<p>Mit unserer t\u00e4glichen Arbeit bringen wir Hygiene und Sicherheit in Ihre Trinkwasserinstallation.<\/p>\n<p>Unsere regelm\u00e4ssig durchgef\u00fchrten und gr\u00fcndlich dokumentierten Inspektionen und Wartungen liefern Ihnen einen professionellen Wartungsnachweis und machen Ihre Installation betriebssicher.<\/p>\n<p>Dadurch steigt die Werterhaltung Ihres Objektes deutlich und das Schadensrisiko sinkt.<\/p>\n<p><strong>apova \u2013 Wir pflegen Installationen.<\/strong><\/p>\n<\/div><\/div>\n\t\t\t<\/div>\n\t\t<\/div>\t\t<div class=\"page-section style-default layout-default align-default\" >\n\t\t\t<div class=\"container\">\n\t\t\t\t<div class=\"row\">\t\t\t<div class=\"layout-default layout-margin-default col-xs-12 col-sm-8 col-md-8 col-lg-8 col-xl-8\"><h2 class=\"p1\">Unsere Vision<\/h2>\n<p>Gemeinsam pflegen wir regelm\u00e4ssig und professionell Trinkwasserinstallationen f\u00fcr unsere Kundschaft in der ganzen Schweiz und sorgen damit f\u00fcr deren bestm\u00f6gliche Hygiene und Betriebssicherheit.<\/p>\n<p>Unterwegs mit unseren vollelektrischen Einsatzfahrzeugen im digitalen Arbeitsalltag, ist f\u00fcr uns das Ziel der Netto-Null-Treibhausgas-Emissionen des Bundes bis 2050 in greifbarer N\u00e4he.<\/p>\n<p><strong>apova &#8211; Nachhaltig und innovativ sind wir Ihr langfristiger Partner.<\/strong><\/p>\n<\/div><\/div>\n\t\t\t<\/div>\n\t\t<\/div>\t\t<div class=\"page-section style-default layout-default align-default\" >\n\t\t\t<div class=\"container\">\n\t\t\t\t<div class=\"row\">\t\t\t<div class=\"layout-default layout-margin-default col-xs-12 col-sm-8 col-md-8 col-lg-8 col-xl-8\"><h2>Unsere Mission<\/h2>\n<p>Wir unterst\u00fctzen Sie in der professionellen Pflege und Reparatur Ihrer Trinkwasserinstallation.<\/p>\n<p>Vom Filter bis zur Duschbrause sind wir in der Schweiz Ihr kompetenter Partner.<\/p>\n<p>Nachhaltig, innovativ und ohne Serviceabo sorgen wir f\u00fcr bestm\u00f6gliche Hygiene und Sicherheit in Ihrer Installation, damit Sie Ihr Trinkwasser bedenkenlos verwenden k\u00f6nnen.<\/p>\n<p><strong>apova &#8211; Die Saubermacher f\u00fcr Ihr Trinkwasser.<\/strong><\/p>\n<\/div><\/div>\n\t\t\t<\/div>\n\t\t<\/div>\t\t<div class=\"page-section style-default layout-default align-default\" >\n\t\t\t<div class=\"container\">\n\t\t\t\t<div class=\"row\">\t\t\t<div class=\"layout-default layout-margin-default col-xs-12 col-sm-8 col-md-8 col-lg-8 col-xl-8\"><h2 class=\"p1\">Unsere Werte<\/h2>\n<p><strong>Wert #1<br \/>\n<\/strong>Wir stellen unsere Kunden in den Mittelpunkt unserer Arbeit.<\/p>\n<p><strong>Wert #2<br \/>\n<\/strong>Wir sorgen f\u00fcr Sicherheit und Hygiene im Trinkwasser.<\/p>\n<p><strong>Wert #3<br \/>\n<\/strong>Wir f\u00f6rdern unsere Mitarbeitenden proaktiv und legen so einen wichtigen Grundstein f\u00fcr eine funktions\u00fcbergreifende Teamarbeit.<\/p>\n<p><strong>Wert #4<br \/>\n<\/strong>Wir entscheiden fair und gerecht und respektieren andere Kulturen.<\/p>\n<p><strong>Wert #5<br \/>\n<\/strong>Wir arbeiten strukturiert und transparent.<strong><br \/>\n<\/strong><\/p>\n<\/div><\/div>\n\t\t\t<\/div>\n\t\t<\/div>\t\t<div class=\"page-section style-default layout-default align-default\" >\n\t\t\t<div class=\"container\">\n\t\t\t\t<div class=\"row\">\t\t\t<div class=\"col-xs-12 col-sm-12 col-md-12 col-lg-12 col-xl-12\">\t\t<div class=\"ug ug-xs-1-15 ug-sm-2-15 ug-md-2-15 ug-lg-2-15 ug-xl-2-15\">\n\t\t\t<div  class=\"content-box arrow-link style-light type-imgtop\">\n\t\n\t<div class=\"img-wrap\"><img loading=\"lazy\" decoding=\"async\" width=\"700\" height=\"450\" src=\"https:\/\/apova.ch\/wp-content\/uploads\/apova_philosophie_fahrzeug-700x450.jpg\" class=\"attachment-tile size-tile\" alt=\"\" \/><\/div>\n\t<div class=\"content-wrap\">\n\t\t<div class=\"content no-inner-padding\">\n\t\t\t<h2 class=\"p1\">Elektrisch unterwegs<\/h2>\n<p class=\"p1\">Auch bei unseren Fahrzeugen setzen wir auf Nachhaltigkeit.<\/p>\n\n\t\t<\/div>\n\t<\/div>\n<\/div><div  class=\"content-box arrow-link style-light type-imgtop\">\n\t\n\t<div class=\"img-wrap\"><img loading=\"lazy\" decoding=\"async\" width=\"700\" height=\"450\" src=\"https:\/\/apova.ch\/wp-content\/uploads\/iStock-868704184-700x450.jpg\" class=\"attachment-tile size-tile\" alt=\"\" \/><\/div>\n\t<div class=\"content-wrap\">\n\t\t<div class=\"content no-inner-padding\">\n\t\t\t<h2 class=\"p1\">Papierlos im Alltag<\/h2>\n<p class=\"p1\">Papierlos unterwegs spart einerseits Ressourcen und bietet andererseits absolute Transparenz und R\u00fcckverfolgbarkeit. Dank unserer konsequenten Nutzung von massgeschneiderten Cloud-Anwendungen arbeiten wir papierlos. Unsere Leistungen bleiben f\u00fcr Sie als Kunde dadurch absolut transparent und nachverfolgbar.<\/p>\n\n\t\t<\/div>\n\t<\/div>\n<\/div>\n\t\t<\/div><\/div><\/div>\n\t\t\t<\/div>\n\t\t<\/div>\t\t<div class=\"page-section style-default layout-default align-default\" >\n\t\t\t<div class=\"container\">\n\t\t\t\t<div class=\"row\">\t\t\t<div class=\"layout-default layout-margin-default col-xs-12 col-sm-12 col-md-12 col-lg-12 col-xl-12\">\t\t<div class=\"testimonial\">\n\t\t\t<blockquote>\u00abMan k\u00f6nnte sehr viel Wasser sparen,\nwu\u0308rden wir Menschen mehr Wasser trinken.\u00bb<\/blockquote>\n\t\t\t<div class=\"quote-info\">Stefan Fleischer (*1938), Rentner, vorher Organisator einer Gro\u00dfbank<\/div>\n\t\t<\/div><\/div><\/div>\n\t\t\t<\/div>\n\t\t<\/div>","protected":false},"excerpt":{"rendered":"<p>Wir pflegen Installationen. Wasser predigen und Wein trinken geht nicht. Wir haben uns Nachhaltigkeit auf die Fahne geschrieben und setzen dies in unserem Alltag konsequent um. Denn wer glaubw\u00fcrdig sein will, muss immer zuerst bei sich selbst beginnen. So sind zum Beispiel alle unsere Einsatzfahrzeuge rein elektrisch angetrieben. Wir sind \u00fcberzeugt, dass sich l\u00e4ngerfristiges Denken [&hellip;]<\/p>\n","protected":false},"author":1,"featured_media":0,"parent":385,"menu_order":0,"comment_status":"closed","ping_status":"closed","template":"","meta":{"_acf_changed":false,"inline_featured_image":false,"footnotes":""},"class_list":["post-1589","page","type-page","status-publish","hentry"],"acf":[],"yoast_head":"<!-- This site is optimized with the Yoast SEO plugin v27.5 - https:\/\/yoast.com\/product\/yoast-seo-wordpress\/ -->\n<title>Leitbild - apova<\/title>\n<meta name=\"description\" content=\"Nachhaltigkeit kann man nicht fordern. Man kann sie nur vorleben. Apova bietet Sanit\u00e4r-Service, Heizungs-Service und Trinkwasserhygiene.\" \/>\n<meta name=\"robots\" content=\"index, follow, max-snippet:-1, max-image-preview:large, max-video-preview:-1\" \/>\n<link rel=\"canonical\" href=\"https:\/\/apova.ch\/de\/ueber-uns\/leitbild\/\" \/>\n<meta property=\"og:locale\" content=\"de_DE\" \/>\n<meta property=\"og:type\" content=\"article\" \/>\n<meta property=\"og:title\" content=\"Leitbild - apova\" \/>\n<meta property=\"og:description\" content=\"Nachhaltigkeit kann man nicht fordern. Man kann sie nur vorleben. Apova bietet Sanit\u00e4r-Service, Heizungs-Service und Trinkwasserhygiene.\" \/>\n<meta property=\"og:url\" content=\"https:\/\/apova.ch\/de\/ueber-uns\/leitbild\/\" \/>\n<meta property=\"og:site_name\" content=\"apova\" \/>\n<meta property=\"article:modified_time\" content=\"2023-03-14T19:35:33+00:00\" \/>\n<meta property=\"og:image\" content=\"https:\/\/apova.ch\/wp-content\/uploads\/apova_philosophie_fahrzeug-700x450.jpg\" \/>\n<meta name=\"twitter:card\" content=\"summary_large_image\" \/>\n<script type=\"application\/ld+json\" class=\"yoast-schema-graph\">{\"@context\":\"https:\\\/\\\/schema.org\",\"@graph\":[{\"@type\":\"WebPage\",\"@id\":\"https:\\\/\\\/apova.ch\\\/de\\\/ueber-uns\\\/leitbild\\\/\",\"url\":\"https:\\\/\\\/apova.ch\\\/de\\\/ueber-uns\\\/leitbild\\\/\",\"name\":\"Leitbild - apova\",\"isPartOf\":{\"@id\":\"https:\\\/\\\/apova.ch\\\/de\\\/#website\"},\"primaryImageOfPage\":{\"@id\":\"https:\\\/\\\/apova.ch\\\/de\\\/ueber-uns\\\/leitbild\\\/#primaryimage\"},\"image\":{\"@id\":\"https:\\\/\\\/apova.ch\\\/de\\\/ueber-uns\\\/leitbild\\\/#primaryimage\"},\"thumbnailUrl\":\"https:\\\/\\\/apova.ch\\\/wp-content\\\/uploads\\\/apova_philosophie_fahrzeug-700x450.jpg\",\"datePublished\":\"2020-04-03T11:29:21+00:00\",\"dateModified\":\"2023-03-14T19:35:33+00:00\",\"description\":\"Nachhaltigkeit kann man nicht fordern. Man kann sie nur vorleben. Apova bietet Sanit\u00e4r-Service, Heizungs-Service und Trinkwasserhygiene.\",\"breadcrumb\":{\"@id\":\"https:\\\/\\\/apova.ch\\\/de\\\/ueber-uns\\\/leitbild\\\/#breadcrumb\"},\"inLanguage\":\"de\",\"potentialAction\":[{\"@type\":\"ReadAction\",\"target\":[\"https:\\\/\\\/apova.ch\\\/de\\\/ueber-uns\\\/leitbild\\\/\"]}]},{\"@type\":\"ImageObject\",\"inLanguage\":\"de\",\"@id\":\"https:\\\/\\\/apova.ch\\\/de\\\/ueber-uns\\\/leitbild\\\/#primaryimage\",\"url\":\"https:\\\/\\\/apova.ch\\\/wp-content\\\/uploads\\\/apova_philosophie_fahrzeug-700x450.jpg\",\"contentUrl\":\"https:\\\/\\\/apova.ch\\\/wp-content\\\/uploads\\\/apova_philosophie_fahrzeug-700x450.jpg\"},{\"@type\":\"BreadcrumbList\",\"@id\":\"https:\\\/\\\/apova.ch\\\/de\\\/ueber-uns\\\/leitbild\\\/#breadcrumb\",\"itemListElement\":[{\"@type\":\"ListItem\",\"position\":1,\"name\":\"Startseite\",\"item\":\"https:\\\/\\\/apova.ch\\\/de\\\/\"},{\"@type\":\"ListItem\",\"position\":2,\"name\":\"\u00dcber uns\",\"item\":\"https:\\\/\\\/apova.ch\\\/de\\\/ueber-uns\\\/\"},{\"@type\":\"ListItem\",\"position\":3,\"name\":\"Leitbild\"}]},{\"@type\":\"WebSite\",\"@id\":\"https:\\\/\\\/apova.ch\\\/de\\\/#website\",\"url\":\"https:\\\/\\\/apova.ch\\\/de\\\/\",\"name\":\"apova\",\"description\":\"\",\"potentialAction\":[{\"@type\":\"SearchAction\",\"target\":{\"@type\":\"EntryPoint\",\"urlTemplate\":\"https:\\\/\\\/apova.ch\\\/de\\\/?s={search_term_string}\"},\"query-input\":{\"@type\":\"PropertyValueSpecification\",\"valueRequired\":true,\"valueName\":\"search_term_string\"}}],\"inLanguage\":\"de\"}]}<\/script>\n<!-- \/ Yoast SEO plugin. -->","yoast_head_json":{"title":"Leitbild - apova","description":"Nachhaltigkeit kann man nicht fordern. Man kann sie nur vorleben. Apova bietet Sanit\u00e4r-Service, Heizungs-Service und Trinkwasserhygiene.","robots":{"index":"index","follow":"follow","max-snippet":"max-snippet:-1","max-image-preview":"max-image-preview:large","max-video-preview":"max-video-preview:-1"},"canonical":"https:\/\/apova.ch\/de\/ueber-uns\/leitbild\/","og_locale":"de_DE","og_type":"article","og_title":"Leitbild - apova","og_description":"Nachhaltigkeit kann man nicht fordern. Man kann sie nur vorleben. Apova bietet Sanit\u00e4r-Service, Heizungs-Service und Trinkwasserhygiene.","og_url":"https:\/\/apova.ch\/de\/ueber-uns\/leitbild\/","og_site_name":"apova","article_modified_time":"2023-03-14T19:35:33+00:00","og_image":[{"url":"https:\/\/apova.ch\/wp-content\/uploads\/apova_philosophie_fahrzeug-700x450.jpg","type":"","width":"","height":""}],"twitter_card":"summary_large_image","schema":{"@context":"https:\/\/schema.org","@graph":[{"@type":"WebPage","@id":"https:\/\/apova.ch\/de\/ueber-uns\/leitbild\/","url":"https:\/\/apova.ch\/de\/ueber-uns\/leitbild\/","name":"Leitbild - apova","isPartOf":{"@id":"https:\/\/apova.ch\/de\/#website"},"primaryImageOfPage":{"@id":"https:\/\/apova.ch\/de\/ueber-uns\/leitbild\/#primaryimage"},"image":{"@id":"https:\/\/apova.ch\/de\/ueber-uns\/leitbild\/#primaryimage"},"thumbnailUrl":"https:\/\/apova.ch\/wp-content\/uploads\/apova_philosophie_fahrzeug-700x450.jpg","datePublished":"2020-04-03T11:29:21+00:00","dateModified":"2023-03-14T19:35:33+00:00","description":"Nachhaltigkeit kann man nicht fordern. Man kann sie nur vorleben. Apova bietet Sanit\u00e4r-Service, Heizungs-Service und Trinkwasserhygiene.","breadcrumb":{"@id":"https:\/\/apova.ch\/de\/ueber-uns\/leitbild\/#breadcrumb"},"inLanguage":"de","potentialAction":[{"@type":"ReadAction","target":["https:\/\/apova.ch\/de\/ueber-uns\/leitbild\/"]}]},{"@type":"ImageObject","inLanguage":"de","@id":"https:\/\/apova.ch\/de\/ueber-uns\/leitbild\/#primaryimage","url":"https:\/\/apova.ch\/wp-content\/uploads\/apova_philosophie_fahrzeug-700x450.jpg","contentUrl":"https:\/\/apova.ch\/wp-content\/uploads\/apova_philosophie_fahrzeug-700x450.jpg"},{"@type":"BreadcrumbList","@id":"https:\/\/apova.ch\/de\/ueber-uns\/leitbild\/#breadcrumb","itemListElement":[{"@type":"ListItem","position":1,"name":"Startseite","item":"https:\/\/apova.ch\/de\/"},{"@type":"ListItem","position":2,"name":"\u00dcber uns","item":"https:\/\/apova.ch\/de\/ueber-uns\/"},{"@type":"ListItem","position":3,"name":"Leitbild"}]},{"@type":"WebSite","@id":"https:\/\/apova.ch\/de\/#website","url":"https:\/\/apova.ch\/de\/","name":"apova","description":"","potentialAction":[{"@type":"SearchAction","target":{"@type":"EntryPoint","urlTemplate":"https:\/\/apova.ch\/de\/?s={search_term_string}"},"query-input":{"@type":"PropertyValueSpecification","valueRequired":true,"valueName":"search_term_string"}}],"inLanguage":"de"}]}},"_links":{"self":[{"href":"https:\/\/apova.ch\/de\/wp-json\/wp\/v2\/pages\/1589","targetHints":{"allow":["GET"]}}],"collection":[{"href":"https:\/\/apova.ch\/de\/wp-json\/wp\/v2\/pages"}],"about":[{"href":"https:\/\/apova.ch\/de\/wp-json\/wp\/v2\/types\/page"}],"author":[{"embeddable":true,"href":"https:\/\/apova.ch\/de\/wp-json\/wp\/v2\/users\/1"}],"replies":[{"embeddable":true,"href":"https:\/\/apova.ch\/de\/wp-json\/wp\/v2\/comments?post=1589"}],"version-history":[{"count":76,"href":"https:\/\/apova.ch\/de\/wp-json\/wp\/v2\/pages\/1589\/revisions"}],"predecessor-version":[{"id":2402,"href":"https:\/\/apova.ch\/de\/wp-json\/wp\/v2\/pages\/1589\/revisions\/2402"}],"up":[{"embeddable":true,"href":"https:\/\/apova.ch\/de\/wp-json\/wp\/v2\/pages\/385"}],"wp:attachment":[{"href":"https:\/\/apova.ch\/de\/wp-json\/wp\/v2\/media?parent=1589"}],"curies":[{"name":"wp","href":"https:\/\/api.w.org\/{rel}","templated":true}]}}