{"id":1593,"date":"2020-04-03T13:31:03","date_gmt":"2020-04-03T11:31:03","guid":{"rendered":"https:\/\/apova.ch.ownb.it\/?page_id=1593"},"modified":"2021-12-14T00:07:44","modified_gmt":"2021-12-13T23:07:44","slug":"team","status":"publish","type":"page","link":"https:\/\/apova.ch\/de\/ueber-uns\/team\/","title":{"rendered":"Team"},"content":{"rendered":"<div class=\"page-section pageheading-slider align-default\">\n\t<div class=\"pageheading-swiper container-fluid\">\n\t\t<div class=\"row\">\n\t\t\t<div class=\"layout-default layout-margin-default col-xs-12 col-sm-12 col-md-12 col-lg-12 col-xl-12\">\n\t\t\t\t<div class=\"slider-integrated\" id=\"69e4b8906762f\">\n\t\t\t\t\t<div class=\"swiper-container swiper-container-initialized swiper-container-horizontal\" id=\"69e4b89067631\">\n\t\t\t\t\t\t<div class=\"swiper-wrapper\">\n\t\t\t\t\t\t\t<div class=\"slide swiper-slide\" style=\"background-image: url('https:\/\/apova.ch\/wp-content\/uploads\/11_team-scaled.jpg')\"><\/div>\n\t\t\t\t\t\t<\/div>\n\t\t\t\t\t\t<div class=\"swiper-pagination container\"><\/div>\n\t\t\t\t\t\t<div class=\"swiper-button-prev\"><\/div>\n\t\t\t\t\t\t<div class=\"swiper-button-next\"><\/div>\n\t\t\t\t\t<\/div>\n\t\t\t\t<\/div>\n\t\t\t\t\n\t\t\t<\/div>\n\t\t<\/div>\n\t<\/div>\n\t<div class=\"pageheading-content\">\n\t\t<div class=\"container\">\n\t\t\t<div class=\"row\">\n\t\t\t\t<div class=\"col-sm-6\">\n\t\t\t\t\t<div class=\"content\">\n\t\t\t\t\t\t<h1>Wir pflegen Installationen.<\/h1>\n\t\t\t\t\t<\/div>\n\t\t\t\t<\/div>\n\t\t\t<\/div>\n\t\t<\/div>\n\t<\/div>\n<\/div>\t\t<div class=\"page-section style-default layout-default align-default\" >\n\t\t\t<div class=\"container\">\n\t\t\t\t<div class=\"row\">\t\t\t<div class=\"layout-default layout-margin-default col-xs-12 col-sm-8 col-md-8 col-lg-8 col-xl-8\"><h1 class=\"p1\">Diese K\u00f6pfe stehen f\u00fcr saubere Arbeit<\/h1><p class=\"p1\">Und daf\u00fcr, dass die Dinge zu Hause in Bad und K\u00fcche wieder einwandfrei funktionieren. Und Ihre Wasserqualit\u00e4t k\u00fcnftig wieder dem blauen Wunder entspricht, das es im Grunde ist. Wir freuen uns auf einen Besuch bei Ihnen!<\/p><\/div><\/div>\n\t\t\t<\/div>\n\t\t<\/div>\t\t<div class=\"page-section style-default layout-default align-default\" >\n\t\t\t<div class=\"container\">\n\t\t\t\t<div class=\"row\">\t\t\t<div class=\"layout-default col-xs-12 col-sm-12 col-md-12 col-lg-12 col-xl-12\"><div class=\"employee-grid ug ug-xs-1-15 ug-sm-2-15 ug-md-3-15\">\n\t\t\t\n<div class=\"employee\" itemprop=\"employee\" itemscope itemtype=\"http:\/\/schema.org\/Person\">\n\t\t\t<div class=\"employee-image\">\n\t\t\t<img decoding=\"async\" src=\"https:\/\/apova.ch\/wp-content\/uploads\/apova_team_ernst_1-750x525.jpg\" alt=\"Portrait Ernst Schoch\">\n\n\t\t\t\t\t\t\t<img decoding=\"async\" src=\"https:\/\/apova.ch\/wp-content\/uploads\/apova_team_ernst_2-750x525.jpg\" class=\"hover-image\" alt=\"Portrait Ernst Schoch\">\n\t\t\t\n\n\t\t<\/div>\n\t\t\t<div class=\"employee-text\">\n\t\t<h3 itemprop=\"name\">\n\t\t\tErnst&nbsp;Schoch\t\t<\/h3>\n\t\t\t\t\t<div class=\"employee-position\" itemprop=\"jobTitle\">\n\t\t\t\tKundendienst\t\t\t<\/div>\n\t\t\n\t\t\n\t\t\n\t\t\t\t\t<div class=\"employee-email\">\n\t\t\t\t<a href=\"&#109;&#97;&#105;&#108;&#116;&#111;&#58;&#101;&#115;&#64;&#97;&#112;&#111;&#118;&#97;&#46;&#99;&#104;\">&#101;&#115;&#64;&#97;&#112;&#111;&#118;&#97;&#46;&#99;&#104;<\/a>\n\t\t\t<\/div>\n\t\t\t\t\t<\/div>\n<\/div>\t\t\t\n<div class=\"employee\" itemprop=\"employee\" itemscope itemtype=\"http:\/\/schema.org\/Person\">\n\t\t\t<div class=\"employee-image\">\n\t\t\t<img decoding=\"async\" src=\"https:\/\/apova.ch\/wp-content\/uploads\/apova_team_philip_a1-750x525-1-750x525.jpg\" alt=\"Portrait Philip Schoch\">\n\n\t\t\t\t\t\t\t<img decoding=\"async\" src=\"https:\/\/apova.ch\/wp-content\/uploads\/apova_team_philip_a2-750x525-1-750x525.jpg\" class=\"hover-image\" alt=\"Portrait Philip Schoch\">\n\t\t\t\n\n\t\t<\/div>\n\t\t\t<div class=\"employee-text\">\n\t\t<h3 itemprop=\"name\">\n\t\t\tPhilip&nbsp;Schoch\t\t<\/h3>\n\t\t\t\t\t<div class=\"employee-position\" itemprop=\"jobTitle\">\n\t\t\t\tKundendienst\t\t\t<\/div>\n\t\t\n\t\t\n\t\t\n\t\t\t\t\t<div class=\"employee-email\">\n\t\t\t\t<a href=\"&#109;&#97;&#105;&#108;&#116;&#111;&#58;&#104;&#97;&#108;&#108;&#111;&#64;&#97;&#112;&#111;&#118;&#97;&#46;&#99;&#104;\">&#104;&#97;&#108;&#108;&#111;&#64;&#97;&#112;&#111;&#118;&#97;&#46;&#99;&#104;<\/a>\n\t\t\t<\/div>\n\t\t\t\t\t<\/div>\n<\/div>\t<\/div><\/div><\/div>\n\t\t\t<\/div>\n\t\t<\/div>\t\t<div class=\"page-section style-default layout-default align-default\" >\n\t\t\t<div class=\"container\">\n\t\t\t\t<div class=\"row\">\t\t\t<div class=\"layout-default layout-margin-default col-xs-12 col-sm-12 col-md-12 col-lg-12 col-xl-12\">\t\t<div class=\"testimonial\">\n\t\t\t<blockquote>\u00abWer auf andere Leute wirken will, der muss erst einmal in ihrer Sprache mit ihnen reden.\u00bb<\/blockquote>\n\t\t\t<div class=\"quote-info\">Kurt Tucholsky<\/div>\n\t\t<\/div><\/div><\/div>\n\t\t\t<\/div>\n\t\t<\/div>","protected":false},"excerpt":{"rendered":"<p>Wir pflegen Installationen. Diese K\u00f6pfe stehen f\u00fcr saubere ArbeitUnd daf\u00fcr, dass die Dinge zu Hause in Bad und K\u00fcche wieder einwandfrei funktionieren. Und Ihre Wasserqualit\u00e4t k\u00fcnftig wieder dem blauen Wunder entspricht, das es im Grunde ist. Wir freuen uns auf einen Besuch bei Ihnen! \u00abWer auf andere Leute wirken will, der muss erst einmal in [&hellip;]<\/p>\n","protected":false},"author":1,"featured_media":0,"parent":385,"menu_order":0,"comment_status":"closed","ping_status":"closed","template":"","meta":{"_acf_changed":false,"inline_featured_image":false,"footnotes":""},"class_list":["post-1593","page","type-page","status-publish","hentry"],"acf":[],"yoast_head":"<!-- This site is optimized with the Yoast SEO plugin v27.4 - https:\/\/yoast.com\/product\/yoast-seo-wordpress\/ -->\n<title>Team - apova<\/title>\n<meta name=\"description\" content=\"Gut qualifiziertes Personal sorgt fu\u0308r eine einwandfreie Pflege in der Geb\u00e4udetechnik. Apova bietet Sanit\u00e4r-Service, Heizungs-Service und Trinkwasserhygiene.\" \/>\n<meta name=\"robots\" content=\"index, follow, max-snippet:-1, max-image-preview:large, max-video-preview:-1\" \/>\n<link rel=\"canonical\" href=\"https:\/\/apova.ch\/de\/ueber-uns\/team\/\" \/>\n<meta property=\"og:locale\" content=\"de_DE\" \/>\n<meta property=\"og:type\" content=\"article\" \/>\n<meta property=\"og:title\" content=\"Team - apova\" \/>\n<meta property=\"og:description\" content=\"Gut qualifiziertes Personal sorgt fu\u0308r eine einwandfreie Pflege in der Geb\u00e4udetechnik. Apova bietet Sanit\u00e4r-Service, Heizungs-Service und Trinkwasserhygiene.\" \/>\n<meta property=\"og:url\" content=\"https:\/\/apova.ch\/de\/ueber-uns\/team\/\" \/>\n<meta property=\"og:site_name\" content=\"apova\" \/>\n<meta property=\"article:modified_time\" content=\"2021-12-13T23:07:44+00:00\" \/>\n<meta name=\"twitter:card\" content=\"summary_large_image\" \/>\n<script type=\"application\/ld+json\" class=\"yoast-schema-graph\">{\"@context\":\"https:\\\/\\\/schema.org\",\"@graph\":[{\"@type\":\"WebPage\",\"@id\":\"https:\\\/\\\/apova.ch\\\/de\\\/ueber-uns\\\/team\\\/\",\"url\":\"https:\\\/\\\/apova.ch\\\/de\\\/ueber-uns\\\/team\\\/\",\"name\":\"Team - apova\",\"isPartOf\":{\"@id\":\"https:\\\/\\\/apova.ch\\\/de\\\/#website\"},\"datePublished\":\"2020-04-03T11:31:03+00:00\",\"dateModified\":\"2021-12-13T23:07:44+00:00\",\"description\":\"Gut qualifiziertes Personal sorgt fu\u0308r eine einwandfreie Pflege in der Geb\u00e4udetechnik. Apova bietet Sanit\u00e4r-Service, Heizungs-Service und Trinkwasserhygiene.\",\"breadcrumb\":{\"@id\":\"https:\\\/\\\/apova.ch\\\/de\\\/ueber-uns\\\/team\\\/#breadcrumb\"},\"inLanguage\":\"de\",\"potentialAction\":[{\"@type\":\"ReadAction\",\"target\":[\"https:\\\/\\\/apova.ch\\\/de\\\/ueber-uns\\\/team\\\/\"]}]},{\"@type\":\"BreadcrumbList\",\"@id\":\"https:\\\/\\\/apova.ch\\\/de\\\/ueber-uns\\\/team\\\/#breadcrumb\",\"itemListElement\":[{\"@type\":\"ListItem\",\"position\":1,\"name\":\"Startseite\",\"item\":\"https:\\\/\\\/apova.ch\\\/de\\\/\"},{\"@type\":\"ListItem\",\"position\":2,\"name\":\"\u00dcber uns\",\"item\":\"https:\\\/\\\/apova.ch\\\/de\\\/ueber-uns\\\/\"},{\"@type\":\"ListItem\",\"position\":3,\"name\":\"Team\"}]},{\"@type\":\"WebSite\",\"@id\":\"https:\\\/\\\/apova.ch\\\/de\\\/#website\",\"url\":\"https:\\\/\\\/apova.ch\\\/de\\\/\",\"name\":\"apova\",\"description\":\"\",\"potentialAction\":[{\"@type\":\"SearchAction\",\"target\":{\"@type\":\"EntryPoint\",\"urlTemplate\":\"https:\\\/\\\/apova.ch\\\/de\\\/?s={search_term_string}\"},\"query-input\":{\"@type\":\"PropertyValueSpecification\",\"valueRequired\":true,\"valueName\":\"search_term_string\"}}],\"inLanguage\":\"de\"}]}<\/script>\n<!-- \/ Yoast SEO plugin. -->","yoast_head_json":{"title":"Team - apova","description":"Gut qualifiziertes Personal sorgt fu\u0308r eine einwandfreie Pflege in der Geb\u00e4udetechnik. Apova bietet Sanit\u00e4r-Service, Heizungs-Service und Trinkwasserhygiene.","robots":{"index":"index","follow":"follow","max-snippet":"max-snippet:-1","max-image-preview":"max-image-preview:large","max-video-preview":"max-video-preview:-1"},"canonical":"https:\/\/apova.ch\/de\/ueber-uns\/team\/","og_locale":"de_DE","og_type":"article","og_title":"Team - apova","og_description":"Gut qualifiziertes Personal sorgt fu\u0308r eine einwandfreie Pflege in der Geb\u00e4udetechnik. Apova bietet Sanit\u00e4r-Service, Heizungs-Service und Trinkwasserhygiene.","og_url":"https:\/\/apova.ch\/de\/ueber-uns\/team\/","og_site_name":"apova","article_modified_time":"2021-12-13T23:07:44+00:00","twitter_card":"summary_large_image","schema":{"@context":"https:\/\/schema.org","@graph":[{"@type":"WebPage","@id":"https:\/\/apova.ch\/de\/ueber-uns\/team\/","url":"https:\/\/apova.ch\/de\/ueber-uns\/team\/","name":"Team - apova","isPartOf":{"@id":"https:\/\/apova.ch\/de\/#website"},"datePublished":"2020-04-03T11:31:03+00:00","dateModified":"2021-12-13T23:07:44+00:00","description":"Gut qualifiziertes Personal sorgt fu\u0308r eine einwandfreie Pflege in der Geb\u00e4udetechnik. Apova bietet Sanit\u00e4r-Service, Heizungs-Service und Trinkwasserhygiene.","breadcrumb":{"@id":"https:\/\/apova.ch\/de\/ueber-uns\/team\/#breadcrumb"},"inLanguage":"de","potentialAction":[{"@type":"ReadAction","target":["https:\/\/apova.ch\/de\/ueber-uns\/team\/"]}]},{"@type":"BreadcrumbList","@id":"https:\/\/apova.ch\/de\/ueber-uns\/team\/#breadcrumb","itemListElement":[{"@type":"ListItem","position":1,"name":"Startseite","item":"https:\/\/apova.ch\/de\/"},{"@type":"ListItem","position":2,"name":"\u00dcber uns","item":"https:\/\/apova.ch\/de\/ueber-uns\/"},{"@type":"ListItem","position":3,"name":"Team"}]},{"@type":"WebSite","@id":"https:\/\/apova.ch\/de\/#website","url":"https:\/\/apova.ch\/de\/","name":"apova","description":"","potentialAction":[{"@type":"SearchAction","target":{"@type":"EntryPoint","urlTemplate":"https:\/\/apova.ch\/de\/?s={search_term_string}"},"query-input":{"@type":"PropertyValueSpecification","valueRequired":true,"valueName":"search_term_string"}}],"inLanguage":"de"}]}},"_links":{"self":[{"href":"https:\/\/apova.ch\/de\/wp-json\/wp\/v2\/pages\/1593","targetHints":{"allow":["GET"]}}],"collection":[{"href":"https:\/\/apova.ch\/de\/wp-json\/wp\/v2\/pages"}],"about":[{"href":"https:\/\/apova.ch\/de\/wp-json\/wp\/v2\/types\/page"}],"author":[{"embeddable":true,"href":"https:\/\/apova.ch\/de\/wp-json\/wp\/v2\/users\/1"}],"replies":[{"embeddable":true,"href":"https:\/\/apova.ch\/de\/wp-json\/wp\/v2\/comments?post=1593"}],"version-history":[{"count":18,"href":"https:\/\/apova.ch\/de\/wp-json\/wp\/v2\/pages\/1593\/revisions"}],"predecessor-version":[{"id":1891,"href":"https:\/\/apova.ch\/de\/wp-json\/wp\/v2\/pages\/1593\/revisions\/1891"}],"up":[{"embeddable":true,"href":"https:\/\/apova.ch\/de\/wp-json\/wp\/v2\/pages\/385"}],"wp:attachment":[{"href":"https:\/\/apova.ch\/de\/wp-json\/wp\/v2\/media?parent=1593"}],"curies":[{"name":"wp","href":"https:\/\/api.w.org\/{rel}","templated":true}]}}