{"id":385,"date":"2019-04-24T15:18:42","date_gmt":"2019-04-24T13:18:42","guid":{"rendered":"https:\/\/apova.ch.ownb.it\/?page_id=385"},"modified":"2023-01-31T11:43:36","modified_gmt":"2023-01-31T10:43:36","slug":"ueber-uns","status":"publish","type":"page","link":"https:\/\/apova.ch\/de\/ueber-uns\/","title":{"rendered":"\u00dcber uns"},"content":{"rendered":"<div class=\"page-section pageheading-slider align-default\">\n\t<div class=\"pageheading-swiper container-fluid\">\n\t\t<div class=\"row\">\n\t\t\t<div class=\"layout-default layout-margin-default col-xs-12 col-sm-12 col-md-12 col-lg-12 col-xl-12\">\n\t\t\t\t<div class=\"slider-integrated\" id=\"69f433fff0fdc\">\n\t\t\t\t\t<div class=\"swiper-container swiper-container-initialized swiper-container-horizontal\" id=\"69f433fff0fde\">\n\t\t\t\t\t\t<div class=\"swiper-wrapper\">\n\t\t\t\t\t\t\t<div class=\"slide swiper-slide\" style=\"background-image: url('https:\/\/apova.ch\/wp-content\/uploads\/09_geschichte-scaled.jpg')\"><\/div>\n\t\t\t\t\t\t<\/div>\n\t\t\t\t\t\t<div class=\"swiper-pagination container\"><\/div>\n\t\t\t\t\t\t<div class=\"swiper-button-prev\"><\/div>\n\t\t\t\t\t\t<div class=\"swiper-button-next\"><\/div>\n\t\t\t\t\t<\/div>\n\t\t\t\t<\/div>\n\t\t\t\t\n\t\t\t<\/div>\n\t\t<\/div>\n\t<\/div>\n\t<div class=\"pageheading-content\">\n\t\t<div class=\"container\">\n\t\t\t<div class=\"row\">\n\t\t\t\t<div class=\"col-sm-6\">\n\t\t\t\t\t<div class=\"content\">\n\t\t\t\t\t\t<h1>Wir pflegen Installationen.<\/h1>\n\t\t\t\t\t<\/div>\n\t\t\t\t<\/div>\n\t\t\t<\/div>\n\t\t<\/div>\n\t<\/div>\n<\/div>\t\t<div class=\"page-section style-default layout-default align-default\" >\n\t\t\t<div class=\"container\">\n\t\t\t\t<div class=\"row\">\t\t\t<div class=\"layout-default layout-margin-default col-xs-12 col-sm-10 col-md-10 col-lg-10 col-xl-10\"><h1 class=\"p1\">Nichts geht \u00fcber Erfahrung.<\/h1><p>Wenn es ums Thema Wasser geht, werden wir ganz sch\u00f6n leidenschaftlich. Ein sorgf\u00e4ltiger Umgang mit Wasser ist uns ein grosses Anliegen, denn Wasser ist unser wichtigstes Lebensmittel und wir m\u00fcssen dazu grosse Sorge tragen.<\/p><p>Apova ist eine junge Firma \u2013 jedoch mit Mitarbeitenden, die alle eine ausgesprochen lange und breite Erfahrung in der Geb\u00e4udetechnik haben, sich stetig weiterbilden und ein grosses Know-how im Umgang mit Wasser besitzen. Wir wissen genau, wo sich Probleme verstecken und bringen diese schnell, kompetent und nach dem neusten Stand der Technik wieder auf Vordermann. Wir sind komplett unabh\u00e4ngig von Herstellern und Lieferanten; so k\u00f6nnen wir Sie neutral und allumfassend beraten.<\/p><p class=\"p1\">Apova bietet Dienstleistungen in den Regionen Aadorf \u2013 Frauenfeld \u2013 Winterthur und deren Umgebung an.<\/p><p>\u00a0<\/p><p>\u00a0<\/p><p>\u00a0<\/p><\/div><\/div>\n\t\t\t<\/div>\n\t\t<\/div>\t\t<div class=\"page-section style-default layout-default align-default\" >\n\t\t\t<div class=\"container\">\n\t\t\t\t<div class=\"row\">\t\t\t<div class=\"layout-default layout-margin-default col-xs-12 col-sm-6 col-md-6 col-lg-6 col-xl-6\"><img loading=\"lazy\" decoding=\"async\" width=\"768\" height=\"461\" src=\"https:\/\/apova.ch\/wp-content\/uploads\/apova_geschichte_fueller_1-768x461.jpg\" class=\"image-element\" alt=\"\" srcset=\"https:\/\/apova.ch\/wp-content\/uploads\/apova_geschichte_fueller_1-768x461.jpg 768w, https:\/\/apova.ch\/wp-content\/uploads\/apova_geschichte_fueller_1-300x180.jpg 300w, https:\/\/apova.ch\/wp-content\/uploads\/apova_geschichte_fueller_1-1024x615.jpg 1024w, https:\/\/apova.ch\/wp-content\/uploads\/apova_geschichte_fueller_1.jpg 1181w\" sizes=\"auto, (max-width: 768px) 100vw, 768px\" \/><\/div>\t\t\t<div class=\"layout-default layout-margin-default col-xs-12 col-sm-6 col-md-6 col-lg-6 col-xl-6\"><img loading=\"lazy\" decoding=\"async\" width=\"768\" height=\"461\" src=\"https:\/\/apova.ch\/wp-content\/uploads\/apova_geschichte_fueller_4-768x461.jpg\" class=\"image-element\" alt=\"\" srcset=\"https:\/\/apova.ch\/wp-content\/uploads\/apova_geschichte_fueller_4-768x461.jpg 768w, https:\/\/apova.ch\/wp-content\/uploads\/apova_geschichte_fueller_4-300x180.jpg 300w, https:\/\/apova.ch\/wp-content\/uploads\/apova_geschichte_fueller_4-1024x615.jpg 1024w, https:\/\/apova.ch\/wp-content\/uploads\/apova_geschichte_fueller_4.jpg 1181w\" sizes=\"auto, (max-width: 768px) 100vw, 768px\" \/><\/div><\/div>\n\t\t\t<\/div>\n\t\t<\/div>\t\t<div class=\"page-section style-default layout-default align-default\" >\n\t\t\t<div class=\"container\">\n\t\t\t\t<div class=\"row\">\t\t\t<div class=\"layout-default layout-margin-default col-xs-12 col-sm-12 col-md-12 col-lg-12 col-xl-12\">\t\t<div class=\"testimonial\">\n\t\t\t<blockquote>\u00abDie grossen Fl\u00fcsse brauchen die kleinen Wasser.\u00bb<\/blockquote>\n\t\t\t<div class=\"quote-info\">Albert Schweitzer<\/div>\n\t\t<\/div><\/div><\/div>\n\t\t\t<\/div>\n\t\t<\/div>","protected":false},"excerpt":{"rendered":"<p>Wir pflegen Installationen. Nichts geht \u00fcber Erfahrung.Wenn es ums Thema Wasser geht, werden wir ganz sch\u00f6n leidenschaftlich. Ein sorgf\u00e4ltiger Umgang mit Wasser ist uns ein grosses Anliegen, denn Wasser ist unser wichtigstes Lebensmittel und wir m\u00fcssen dazu grosse Sorge tragen.Apova ist eine junge Firma \u2013 jedoch mit Mitarbeitenden, die alle eine ausgesprochen lange und breite [&hellip;]<\/p>\n","protected":false},"author":1,"featured_media":0,"parent":0,"menu_order":0,"comment_status":"closed","ping_status":"closed","template":"","meta":{"_acf_changed":false,"inline_featured_image":false,"footnotes":""},"class_list":["post-385","page","type-page","status-publish","hentry"],"acf":[],"yoast_head":"<!-- This site is optimized with the Yoast SEO plugin v27.5 - https:\/\/yoast.com\/product\/yoast-seo-wordpress\/ -->\n<title>\u00dcber uns - apova<\/title>\n<meta name=\"description\" content=\"Apova besitzt eine langj\u00e4hrige Erfahrung im sanit\u00e4ren Bereich und ein grosses Know-how im Bereich Trinkwasser. Apova bietet Sanit\u00e4r-Service, Heizungs-Service und Trinkwasserhygiene.\" \/>\n<meta name=\"robots\" content=\"index, follow, max-snippet:-1, max-image-preview:large, max-video-preview:-1\" \/>\n<link rel=\"canonical\" href=\"https:\/\/apova.ch\/de\/ueber-uns\/\" \/>\n<meta property=\"og:locale\" content=\"de_DE\" \/>\n<meta property=\"og:type\" content=\"article\" \/>\n<meta property=\"og:title\" content=\"\u00dcber uns - apova\" \/>\n<meta property=\"og:description\" content=\"Apova besitzt eine langj\u00e4hrige Erfahrung im sanit\u00e4ren Bereich und ein grosses Know-how im Bereich Trinkwasser. Apova bietet Sanit\u00e4r-Service, Heizungs-Service und Trinkwasserhygiene.\" \/>\n<meta property=\"og:url\" content=\"https:\/\/apova.ch\/de\/ueber-uns\/\" \/>\n<meta property=\"og:site_name\" content=\"apova\" \/>\n<meta property=\"article:modified_time\" content=\"2023-01-31T10:43:36+00:00\" \/>\n<meta property=\"og:image\" content=\"https:\/\/apova.ch\/wp-content\/uploads\/apova_geschichte_fueller_1-768x461.jpg\" \/>\n<meta name=\"twitter:card\" content=\"summary_large_image\" \/>\n<meta name=\"twitter:label1\" content=\"Gesch\u00e4tzte Lesezeit\" \/>\n\t<meta name=\"twitter:data1\" content=\"1\u00a0Minute\" \/>\n<script type=\"application\/ld+json\" class=\"yoast-schema-graph\">{\"@context\":\"https:\\\/\\\/schema.org\",\"@graph\":[{\"@type\":\"WebPage\",\"@id\":\"https:\\\/\\\/apova.ch\\\/de\\\/ueber-uns\\\/\",\"url\":\"https:\\\/\\\/apova.ch\\\/de\\\/ueber-uns\\\/\",\"name\":\"\u00dcber uns - apova\",\"isPartOf\":{\"@id\":\"https:\\\/\\\/apova.ch\\\/de\\\/#website\"},\"primaryImageOfPage\":{\"@id\":\"https:\\\/\\\/apova.ch\\\/de\\\/ueber-uns\\\/#primaryimage\"},\"image\":{\"@id\":\"https:\\\/\\\/apova.ch\\\/de\\\/ueber-uns\\\/#primaryimage\"},\"thumbnailUrl\":\"https:\\\/\\\/apova.ch\\\/wp-content\\\/uploads\\\/apova_geschichte_fueller_1-768x461.jpg\",\"datePublished\":\"2019-04-24T13:18:42+00:00\",\"dateModified\":\"2023-01-31T10:43:36+00:00\",\"description\":\"Apova besitzt eine langj\u00e4hrige Erfahrung im sanit\u00e4ren Bereich und ein grosses Know-how im Bereich Trinkwasser. Apova bietet Sanit\u00e4r-Service, Heizungs-Service und Trinkwasserhygiene.\",\"breadcrumb\":{\"@id\":\"https:\\\/\\\/apova.ch\\\/de\\\/ueber-uns\\\/#breadcrumb\"},\"inLanguage\":\"de\",\"potentialAction\":[{\"@type\":\"ReadAction\",\"target\":[\"https:\\\/\\\/apova.ch\\\/de\\\/ueber-uns\\\/\"]}]},{\"@type\":\"ImageObject\",\"inLanguage\":\"de\",\"@id\":\"https:\\\/\\\/apova.ch\\\/de\\\/ueber-uns\\\/#primaryimage\",\"url\":\"https:\\\/\\\/apova.ch\\\/wp-content\\\/uploads\\\/apova_geschichte_fueller_1-768x461.jpg\",\"contentUrl\":\"https:\\\/\\\/apova.ch\\\/wp-content\\\/uploads\\\/apova_geschichte_fueller_1-768x461.jpg\"},{\"@type\":\"BreadcrumbList\",\"@id\":\"https:\\\/\\\/apova.ch\\\/de\\\/ueber-uns\\\/#breadcrumb\",\"itemListElement\":[{\"@type\":\"ListItem\",\"position\":1,\"name\":\"Startseite\",\"item\":\"https:\\\/\\\/apova.ch\\\/de\\\/\"},{\"@type\":\"ListItem\",\"position\":2,\"name\":\"\u00dcber uns\"}]},{\"@type\":\"WebSite\",\"@id\":\"https:\\\/\\\/apova.ch\\\/de\\\/#website\",\"url\":\"https:\\\/\\\/apova.ch\\\/de\\\/\",\"name\":\"apova\",\"description\":\"\",\"potentialAction\":[{\"@type\":\"SearchAction\",\"target\":{\"@type\":\"EntryPoint\",\"urlTemplate\":\"https:\\\/\\\/apova.ch\\\/de\\\/?s={search_term_string}\"},\"query-input\":{\"@type\":\"PropertyValueSpecification\",\"valueRequired\":true,\"valueName\":\"search_term_string\"}}],\"inLanguage\":\"de\"}]}<\/script>\n<!-- \/ Yoast SEO plugin. -->","yoast_head_json":{"title":"\u00dcber uns - apova","description":"Apova besitzt eine langj\u00e4hrige Erfahrung im sanit\u00e4ren Bereich und ein grosses Know-how im Bereich Trinkwasser. Apova bietet Sanit\u00e4r-Service, Heizungs-Service und Trinkwasserhygiene.","robots":{"index":"index","follow":"follow","max-snippet":"max-snippet:-1","max-image-preview":"max-image-preview:large","max-video-preview":"max-video-preview:-1"},"canonical":"https:\/\/apova.ch\/de\/ueber-uns\/","og_locale":"de_DE","og_type":"article","og_title":"\u00dcber uns - apova","og_description":"Apova besitzt eine langj\u00e4hrige Erfahrung im sanit\u00e4ren Bereich und ein grosses Know-how im Bereich Trinkwasser. Apova bietet Sanit\u00e4r-Service, Heizungs-Service und Trinkwasserhygiene.","og_url":"https:\/\/apova.ch\/de\/ueber-uns\/","og_site_name":"apova","article_modified_time":"2023-01-31T10:43:36+00:00","og_image":[{"url":"https:\/\/apova.ch\/wp-content\/uploads\/apova_geschichte_fueller_1-768x461.jpg","type":"","width":"","height":""}],"twitter_card":"summary_large_image","twitter_misc":{"Gesch\u00e4tzte Lesezeit":"1\u00a0Minute"},"schema":{"@context":"https:\/\/schema.org","@graph":[{"@type":"WebPage","@id":"https:\/\/apova.ch\/de\/ueber-uns\/","url":"https:\/\/apova.ch\/de\/ueber-uns\/","name":"\u00dcber uns - apova","isPartOf":{"@id":"https:\/\/apova.ch\/de\/#website"},"primaryImageOfPage":{"@id":"https:\/\/apova.ch\/de\/ueber-uns\/#primaryimage"},"image":{"@id":"https:\/\/apova.ch\/de\/ueber-uns\/#primaryimage"},"thumbnailUrl":"https:\/\/apova.ch\/wp-content\/uploads\/apova_geschichte_fueller_1-768x461.jpg","datePublished":"2019-04-24T13:18:42+00:00","dateModified":"2023-01-31T10:43:36+00:00","description":"Apova besitzt eine langj\u00e4hrige Erfahrung im sanit\u00e4ren Bereich und ein grosses Know-how im Bereich Trinkwasser. Apova bietet Sanit\u00e4r-Service, Heizungs-Service und Trinkwasserhygiene.","breadcrumb":{"@id":"https:\/\/apova.ch\/de\/ueber-uns\/#breadcrumb"},"inLanguage":"de","potentialAction":[{"@type":"ReadAction","target":["https:\/\/apova.ch\/de\/ueber-uns\/"]}]},{"@type":"ImageObject","inLanguage":"de","@id":"https:\/\/apova.ch\/de\/ueber-uns\/#primaryimage","url":"https:\/\/apova.ch\/wp-content\/uploads\/apova_geschichte_fueller_1-768x461.jpg","contentUrl":"https:\/\/apova.ch\/wp-content\/uploads\/apova_geschichte_fueller_1-768x461.jpg"},{"@type":"BreadcrumbList","@id":"https:\/\/apova.ch\/de\/ueber-uns\/#breadcrumb","itemListElement":[{"@type":"ListItem","position":1,"name":"Startseite","item":"https:\/\/apova.ch\/de\/"},{"@type":"ListItem","position":2,"name":"\u00dcber uns"}]},{"@type":"WebSite","@id":"https:\/\/apova.ch\/de\/#website","url":"https:\/\/apova.ch\/de\/","name":"apova","description":"","potentialAction":[{"@type":"SearchAction","target":{"@type":"EntryPoint","urlTemplate":"https:\/\/apova.ch\/de\/?s={search_term_string}"},"query-input":{"@type":"PropertyValueSpecification","valueRequired":true,"valueName":"search_term_string"}}],"inLanguage":"de"}]}},"_links":{"self":[{"href":"https:\/\/apova.ch\/de\/wp-json\/wp\/v2\/pages\/385","targetHints":{"allow":["GET"]}}],"collection":[{"href":"https:\/\/apova.ch\/de\/wp-json\/wp\/v2\/pages"}],"about":[{"href":"https:\/\/apova.ch\/de\/wp-json\/wp\/v2\/types\/page"}],"author":[{"embeddable":true,"href":"https:\/\/apova.ch\/de\/wp-json\/wp\/v2\/users\/1"}],"replies":[{"embeddable":true,"href":"https:\/\/apova.ch\/de\/wp-json\/wp\/v2\/comments?post=385"}],"version-history":[{"count":141,"href":"https:\/\/apova.ch\/de\/wp-json\/wp\/v2\/pages\/385\/revisions"}],"predecessor-version":[{"id":2237,"href":"https:\/\/apova.ch\/de\/wp-json\/wp\/v2\/pages\/385\/revisions\/2237"}],"wp:attachment":[{"href":"https:\/\/apova.ch\/de\/wp-json\/wp\/v2\/media?parent=385"}],"curies":[{"name":"wp","href":"https:\/\/api.w.org\/{rel}","templated":true}]}}