{"id":6,"date":"2019-03-08T17:53:04","date_gmt":"2019-03-08T16:53:04","guid":{"rendered":"https:\/\/apova.ch.ownb.it\/corporatecorporate\/angebot\/"},"modified":"2023-10-09T15:29:20","modified_gmt":"2023-10-09T13:29:20","slug":"leistungen","status":"publish","type":"page","link":"https:\/\/apova.ch\/de\/leistungen\/","title":{"rendered":"Leistungen"},"content":{"rendered":"<div class=\"page-section pageheading-slider align-default\">\n\t<div class=\"pageheading-swiper container-fluid\">\n\t\t<div class=\"row\">\n\t\t\t<div class=\"layout-default layout-margin-default col-xs-12 col-sm-12 col-md-12 col-lg-12 col-xl-12\">\n\t\t\t\t<div class=\"slider-integrated\" id=\"69e4ed31c802e\">\n\t\t\t\t\t<div class=\"swiper-container swiper-container-initialized swiper-container-horizontal\" id=\"69e4ed31c8030\">\n\t\t\t\t\t\t<div class=\"swiper-wrapper\">\n\t\t\t\t\t\t\t<div class=\"slide swiper-slide\" style=\"background-image: url('https:\/\/apova.ch\/wp-content\/uploads\/03_leistungen-scaled.jpg')\"><\/div>\n\t\t\t\t\t\t<\/div>\n\t\t\t\t\t\t<div class=\"swiper-pagination container\"><\/div>\n\t\t\t\t\t\t<div class=\"swiper-button-prev\"><\/div>\n\t\t\t\t\t\t<div class=\"swiper-button-next\"><\/div>\n\t\t\t\t\t<\/div>\n\t\t\t\t<\/div>\n\t\t\t\t\n\t\t\t<\/div>\n\t\t<\/div>\n\t<\/div>\n\t<div class=\"pageheading-content\">\n\t\t<div class=\"container\">\n\t\t\t<div class=\"row\">\n\t\t\t\t<div class=\"col-sm-6\">\n\t\t\t\t\t<div class=\"content\">\n\t\t\t\t\t\t<h1>Wir pflegen Installationen.<\/h1>\n\t\t\t\t\t<\/div>\n\t\t\t\t<\/div>\n\t\t\t<\/div>\n\t\t<\/div>\n\t<\/div>\n<\/div>\t\t<div class=\"page-section style-default layout-default align-vcenter\" >\n\t\t\t<div class=\"container\">\n\t\t\t\t<div class=\"row\">\t\t\t<div class=\"layout-padding-r col-xs-12 col-sm-10 col-md-10 col-lg-10 col-xl-10\"><h1 class=\"p2\">Wer die kleinen Dinge pflegt,<br \/>\nerspart sich den grossen \u00c4rger.<\/h1>\n<p class=\"p2\">Apova k\u00fcmmert sich kompetent um Ihre kleinen und gr\u00f6sseren sanit\u00e4ren Alltags\u00adsorgen \u2013 wie tropfende Hahnen, verstopfte Leitungen oder zu geringer Wasserdruck. Eine j\u00e4hrliche Inspektion h\u00e4lt ihr System fit und sch\u00fctzt vor b\u00f6sen und teuren \u00dcberraschungen. Und l\u00e4sst sich \u2013 mit einem \u00fcber\u00adschaubaren Aufwand \u2013 leicht und schnell erledigen.<\/p>\n<p class=\"p2\">S\u00e4mtliche Arbeiten werden in unserem System erfasst, damit auch sp\u00e4ter alles zur\u00fcckverfolgt werden kann. Wir wissen dadurch ganz genau, wann welche Arbeit wo ausgef\u00fchrt wurde. Als Kunde brauchen Sie sich so nicht um Kontrollen zu k\u00fcmmern \u2013 wir sehen, wann ein Service f\u00e4llig ist und machen Ihnen einen Terminvorschlag f\u00fcr eine fachm\u00e4nnische Wartung.<\/p>\n<p><strong>Unsere Kernkompetenzen<\/strong><\/p>\n<ul>\n<li class=\"p3\">Trinkwasserfilter pr\u00fcfen, reinigen und ersetzen <span style=\"color: #a3a3a3;\">gem\u00e4ss SVGW W3\/E2, EN 13443-1<\/span><\/li>\n<li class=\"p3\">Wassererw\u00e4rmer (Boiler) reinigen und entkalken <span style=\"color: #a3a3a3;\">gem\u00e4ss SVGW W3\/E2, EN 12897<\/span><\/li>\n<li class=\"p3\">WC-Anlagen entkalkten<\/li>\n<li class=\"p3\">Allgemeiner Sanit\u00e4rservice <span style=\"color: #a3a3a3;\">gem\u00e4ss SVGW W3\/E2, EN 806-5<\/span><\/li>\n<\/ul>\n<p class=\"p1\"><b>Unsere erg\u00e4nzenden Dienstleistungen<\/b><\/p>\n<ul>\n<li class=\"p1\">Trinkwasserbeprobung Duschanlagen <span style=\"color: #a3a3a3;\">gem\u00e4ss SVGW E3\/W4<\/span><\/li>\n<li class=\"p1\">Armaturen-\/Keramikersatz (Hahn und Lavabo)<\/li>\n<li class=\"p1\">Leerwohnungen instand setzen<\/li>\n<li class=\"p1\">Wasserschaden-Handling inkl. Koordination Versicherung<\/li>\n<li class=\"p1\">Abwasserleitungen inspizieren und sp\u00fclen<\/li>\n<li class=\"p1\">Heizk\u00f6rper versetzen<\/li>\n<li class=\"p1\">Heizungsanlage sp\u00fclen \/ bef\u00fcllen<\/li>\n<li class=\"p1\">Montage und Reparatur von Duschentrennw\u00e4nden<\/li>\n<\/ul>\n<p>Gerne kommen wir auch bei Ihnen vorbei, wenn der Wasserhahn tropft oder beraten Sie in Haustechnikfragen bei Ihnen zu Hause.<\/p>\n<p>&nbsp;<\/p>\n<p><strong>Download Firmenbrosch\u00fcre<\/strong><\/p>\n<p>Unsere aktuelle Firmenbrosch\u00fcre mit vielen n\u00fctzlichen<br \/>\nInformationen finden Sie hier:<\/p>\n<div class=\"button-group\"><a href=\"\/wp-content\/uploads\/Firmenbroschure_apova_2025_online_V01.pdf\" class=\"button style-default\" target=\"_blank\">Brosch\u00fcre herunterladen<\/a><\/div><\/div><\/div>\n\t\t\t<\/div>\n\t\t<\/div>\t\t<div class=\"page-section style-default layout-default align-default\" >\n\t\t\t<div class=\"container\">\n\t\t\t\t<div class=\"row\">\t\t\t<div class=\"col-xs-12 col-sm-12 col-md-12 col-lg-12 col-xl-12\">\t\t<div class=\"ug ug-xs-1-15 ug-sm-2-15 ug-md-2-15 ug-lg-2-15 ug-xl-2-15\">\n\t\t\t<div  class=\"content-box arrow-link style-light type-imgtop\">\n\t\n\t<div class=\"img-wrap\"><img loading=\"lazy\" decoding=\"async\" width=\"700\" height=\"450\" src=\"https:\/\/apova.ch\/wp-content\/uploads\/20230309_Bild_Grundhygiene_final-700x450.jpg\" class=\"attachment-tile size-tile\" alt=\"\" \/><\/div>\n\t<div class=\"content-wrap\">\n\t\t<div class=\"content no-inner-padding\">\n\t\t\t<h2>Grundhygiene<\/h2><p>Ein Trinkwasserfilter wie er sicherlich auch in Ihrem Haus vorkommt. Was ist das denn? Mit dieser Frage stehen Sie nicht alleine da. Viele Leute wissen gar nicht, wo dieses wichtige Utensil installiert ist. Der Filter sch\u00fctzt Ihre Gesundheit und die Haushaltsger\u00e4te wie Steamer, Waschmaschine und Sp\u00fclkasten und sollte mindestens einmal im Jahr gewechselt werden. Melden Sie sich bei uns; wir k\u00fcmmern uns auch ohne Serviceabo gerne darum.<\/p>\n\t\t<\/div>\n\t<\/div>\n<\/div><div  class=\"content-box arrow-link style-light type-imgtop\">\n\t\n\t<div class=\"img-wrap\"><img loading=\"lazy\" decoding=\"async\" width=\"700\" height=\"450\" src=\"https:\/\/apova.ch\/wp-content\/uploads\/iStock-490313149-700x450.jpg\" class=\"attachment-tile size-tile\" alt=\"\" \/><\/div>\n\t<div class=\"content-wrap\">\n\t\t<div class=\"content no-inner-padding\">\n\t\t\t<h2>Einen Blick dahinter lohnt sich<\/h2><p>Ein l\u00e4ngst veralteter Sp\u00fclkasten. Aber auch im Inneren von modernen K\u00e4sten sieht es oft nicht besser aus, da so gut wie niemand seinen Kasten \u00f6ffnet und inspiziert. Auch hier tr\u00e4gt ein regelm\u00e4ssiger Service zu einer besseren Hygiene bei und Sie sparen erst noch wertvolles Trinkwasser, wenn nicht st\u00e4ndig Wasser in Ihre WC-Sch\u00fcssel l\u00e4uft. Rufen Sie uns an, wir helfen Ihnen dabei.<\/p>\n\t\t<\/div>\n\t<\/div>\n<\/div><div  class=\"content-box arrow-link style-light type-imgtop\">\n\t\n\t<div class=\"img-wrap\"><img loading=\"lazy\" decoding=\"async\" width=\"700\" height=\"450\" src=\"https:\/\/apova.ch\/wp-content\/uploads\/Boiler-700x450.jpg\" class=\"attachment-tile size-tile\" alt=\"\" \/><\/div>\n\t<div class=\"content-wrap\">\n\t\t<div class=\"content no-inner-padding\">\n\t\t\t<h2>Boiler reinigen und entkalken<\/h2>\n<p>Wie auch der Filter ist der Boiler ein wichtiger Apparat im Haus. Er liefert Ihnen t\u00e4glich warmes Wasser, damit Sie nach einem langen Arbeitstag entspannt duschen k\u00f6nnen. Verunreinigte Boiler sind N\u00e4hrboden f\u00fcr viele Keime, insbesondere f\u00fcr Legionellen. Zus\u00e4tzlich ben\u00f6tigt ein verkalkter Boiler rund 25% mehr Energie um das Wasser zu erw\u00e4rmen. Sie k\u00f6nnen t\u00e4glich viel Geld sparen wenn Ihre Heizst\u00e4be sauber sind. Wir reinigen und entkalkten Ihren Boiler regelm\u00e4ssig, auch ohne Serviceabo.<\/p>\n\n\t\t<\/div>\n\t<\/div>\n<\/div><div  class=\"content-box arrow-link style-light type-imgtop\">\n\t\n\t<div class=\"img-wrap\"><img loading=\"lazy\" decoding=\"async\" width=\"666\" height=\"450\" src=\"https:\/\/apova.ch\/wp-content\/uploads\/Hausschnitt_apova_ok.svg\" class=\"attachment-tile size-tile\" alt=\"\" \/><\/div>\n\t<div class=\"content-wrap\">\n\t\t<div class=\"content no-inner-padding\">\n\t\t\t<h2>Interaktive Karte<\/h2><p>Eine Haustechnikanlage auf einen Blick, mit vielen spannende und n\u00fctzlichen Informationen f\u00fcr Ihren Alltag.<\/p><p><a href=\"\/de\/leistungen\/ihre-installationen\/\">Grafik \u00f6ffnen \u203a<\/a><\/p>\n\t\t<\/div>\n\t<\/div>\n<\/div>\n\t\t<\/div><\/div><\/div>\n\t\t\t<\/div>\n\t\t<\/div>\t\t<div class=\"page-section style-default layout-default align-default\" >\n\t\t\t<div class=\"container\">\n\t\t\t\t<div class=\"row\">\t\t\t<div class=\"layout-default layout-margin-default col-xs-12 col-sm-12 col-md-12 col-lg-12 col-xl-12\">\t\t<div class=\"testimonial\">\n\t\t\t<blockquote>\u00abLernt das Wasser richtig kennen,\nund es wird euch stets ein verl\u00e4sslicher Freund sein.\u00bb<\/blockquote>\n\t\t\t<div class=\"quote-info\">Sebastian Kneipp, deutsche Hydrotherapeut<\/div>\n\t\t<\/div><\/div><\/div>\n\t\t\t<\/div>\n\t\t<\/div>","protected":false},"excerpt":{"rendered":"<p>Wir pflegen Installationen. Wer die kleinen Dinge pflegt, erspart sich den grossen \u00c4rger. Apova k\u00fcmmert sich kompetent um Ihre kleinen und gr\u00f6sseren sanit\u00e4ren Alltags\u00adsorgen \u2013 wie tropfende Hahnen, verstopfte Leitungen oder zu geringer Wasserdruck. Eine j\u00e4hrliche Inspektion h\u00e4lt ihr System fit und sch\u00fctzt vor b\u00f6sen und teuren \u00dcberraschungen. Und l\u00e4sst sich \u2013 mit einem \u00fcber\u00adschaubaren [&hellip;]<\/p>\n","protected":false},"author":1,"featured_media":0,"parent":0,"menu_order":0,"comment_status":"closed","ping_status":"closed","template":"","meta":{"_acf_changed":false,"inline_featured_image":false,"footnotes":""},"class_list":["post-6","page","type-page","status-publish","hentry"],"acf":[],"yoast_head":"<!-- This site is optimized with the Yoast SEO plugin v27.4 - https:\/\/yoast.com\/product\/yoast-seo-wordpress\/ -->\n<title>Leistungen - apova<\/title>\n<meta name=\"description\" content=\"Filter wechseln, Leitungen auf Korrosion pru\u0308fen, Keimzahlmessungen durchfu\u0308hren oder tropfende Hahnen reparieren \u2013 wir ku\u0308mmern uns um die Alltagssorgen in der Geb\u00e4udetechnik. Apova, das ist Sanit\u00e4r-Service, Heizungs-Service und Trinkwasserhygiene.\" \/>\n<meta name=\"robots\" content=\"index, follow, max-snippet:-1, max-image-preview:large, max-video-preview:-1\" \/>\n<link rel=\"canonical\" href=\"https:\/\/apova.ch\/de\/leistungen\/\" \/>\n<meta property=\"og:locale\" content=\"de_DE\" \/>\n<meta property=\"og:type\" content=\"article\" \/>\n<meta property=\"og:title\" content=\"Leistungen - apova\" \/>\n<meta property=\"og:description\" content=\"Filter wechseln, Leitungen auf Korrosion pru\u0308fen, Keimzahlmessungen durchfu\u0308hren oder tropfende Hahnen reparieren \u2013 wir ku\u0308mmern uns um die Alltagssorgen in der Geb\u00e4udetechnik. Apova, das ist Sanit\u00e4r-Service, Heizungs-Service und Trinkwasserhygiene.\" \/>\n<meta property=\"og:url\" content=\"https:\/\/apova.ch\/de\/leistungen\/\" \/>\n<meta property=\"og:site_name\" content=\"apova\" \/>\n<meta property=\"article:modified_time\" content=\"2023-10-09T13:29:20+00:00\" \/>\n<meta property=\"og:image\" content=\"https:\/\/apova.ch\/wp-content\/uploads\/20230309_Bild_Grundhygiene_final-700x450.jpg\" \/>\n<meta name=\"twitter:card\" content=\"summary_large_image\" \/>\n<meta name=\"twitter:label1\" content=\"Gesch\u00e4tzte Lesezeit\" \/>\n\t<meta name=\"twitter:data1\" content=\"3\u00a0Minuten\" \/>\n<script type=\"application\/ld+json\" class=\"yoast-schema-graph\">{\"@context\":\"https:\\\/\\\/schema.org\",\"@graph\":[{\"@type\":\"WebPage\",\"@id\":\"https:\\\/\\\/apova.ch\\\/de\\\/leistungen\\\/\",\"url\":\"https:\\\/\\\/apova.ch\\\/de\\\/leistungen\\\/\",\"name\":\"Leistungen - apova\",\"isPartOf\":{\"@id\":\"https:\\\/\\\/apova.ch\\\/de\\\/#website\"},\"primaryImageOfPage\":{\"@id\":\"https:\\\/\\\/apova.ch\\\/de\\\/leistungen\\\/#primaryimage\"},\"image\":{\"@id\":\"https:\\\/\\\/apova.ch\\\/de\\\/leistungen\\\/#primaryimage\"},\"thumbnailUrl\":\"https:\\\/\\\/apova.ch\\\/wp-content\\\/uploads\\\/20230309_Bild_Grundhygiene_final-700x450.jpg\",\"datePublished\":\"2019-03-08T16:53:04+00:00\",\"dateModified\":\"2023-10-09T13:29:20+00:00\",\"description\":\"Filter wechseln, Leitungen auf Korrosion pru\u0308fen, Keimzahlmessungen durchfu\u0308hren oder tropfende Hahnen reparieren \u2013 wir ku\u0308mmern uns um die Alltagssorgen in der Geb\u00e4udetechnik. Apova, das ist Sanit\u00e4r-Service, Heizungs-Service und Trinkwasserhygiene.\",\"breadcrumb\":{\"@id\":\"https:\\\/\\\/apova.ch\\\/de\\\/leistungen\\\/#breadcrumb\"},\"inLanguage\":\"de\",\"potentialAction\":[{\"@type\":\"ReadAction\",\"target\":[\"https:\\\/\\\/apova.ch\\\/de\\\/leistungen\\\/\"]}]},{\"@type\":\"ImageObject\",\"inLanguage\":\"de\",\"@id\":\"https:\\\/\\\/apova.ch\\\/de\\\/leistungen\\\/#primaryimage\",\"url\":\"https:\\\/\\\/apova.ch\\\/wp-content\\\/uploads\\\/20230309_Bild_Grundhygiene_final-700x450.jpg\",\"contentUrl\":\"https:\\\/\\\/apova.ch\\\/wp-content\\\/uploads\\\/20230309_Bild_Grundhygiene_final-700x450.jpg\"},{\"@type\":\"BreadcrumbList\",\"@id\":\"https:\\\/\\\/apova.ch\\\/de\\\/leistungen\\\/#breadcrumb\",\"itemListElement\":[{\"@type\":\"ListItem\",\"position\":1,\"name\":\"Startseite\",\"item\":\"https:\\\/\\\/apova.ch\\\/de\\\/\"},{\"@type\":\"ListItem\",\"position\":2,\"name\":\"Leistungen\"}]},{\"@type\":\"WebSite\",\"@id\":\"https:\\\/\\\/apova.ch\\\/de\\\/#website\",\"url\":\"https:\\\/\\\/apova.ch\\\/de\\\/\",\"name\":\"apova\",\"description\":\"\",\"potentialAction\":[{\"@type\":\"SearchAction\",\"target\":{\"@type\":\"EntryPoint\",\"urlTemplate\":\"https:\\\/\\\/apova.ch\\\/de\\\/?s={search_term_string}\"},\"query-input\":{\"@type\":\"PropertyValueSpecification\",\"valueRequired\":true,\"valueName\":\"search_term_string\"}}],\"inLanguage\":\"de\"}]}<\/script>\n<!-- \/ Yoast SEO plugin. -->","yoast_head_json":{"title":"Leistungen - apova","description":"Filter wechseln, Leitungen auf Korrosion pru\u0308fen, Keimzahlmessungen durchfu\u0308hren oder tropfende Hahnen reparieren \u2013 wir ku\u0308mmern uns um die Alltagssorgen in der Geb\u00e4udetechnik. Apova, das ist Sanit\u00e4r-Service, Heizungs-Service und Trinkwasserhygiene.","robots":{"index":"index","follow":"follow","max-snippet":"max-snippet:-1","max-image-preview":"max-image-preview:large","max-video-preview":"max-video-preview:-1"},"canonical":"https:\/\/apova.ch\/de\/leistungen\/","og_locale":"de_DE","og_type":"article","og_title":"Leistungen - apova","og_description":"Filter wechseln, Leitungen auf Korrosion pru\u0308fen, Keimzahlmessungen durchfu\u0308hren oder tropfende Hahnen reparieren \u2013 wir ku\u0308mmern uns um die Alltagssorgen in der Geb\u00e4udetechnik. Apova, das ist Sanit\u00e4r-Service, Heizungs-Service und Trinkwasserhygiene.","og_url":"https:\/\/apova.ch\/de\/leistungen\/","og_site_name":"apova","article_modified_time":"2023-10-09T13:29:20+00:00","og_image":[{"url":"https:\/\/apova.ch\/wp-content\/uploads\/20230309_Bild_Grundhygiene_final-700x450.jpg","type":"","width":"","height":""}],"twitter_card":"summary_large_image","twitter_misc":{"Gesch\u00e4tzte Lesezeit":"3\u00a0Minuten"},"schema":{"@context":"https:\/\/schema.org","@graph":[{"@type":"WebPage","@id":"https:\/\/apova.ch\/de\/leistungen\/","url":"https:\/\/apova.ch\/de\/leistungen\/","name":"Leistungen - apova","isPartOf":{"@id":"https:\/\/apova.ch\/de\/#website"},"primaryImageOfPage":{"@id":"https:\/\/apova.ch\/de\/leistungen\/#primaryimage"},"image":{"@id":"https:\/\/apova.ch\/de\/leistungen\/#primaryimage"},"thumbnailUrl":"https:\/\/apova.ch\/wp-content\/uploads\/20230309_Bild_Grundhygiene_final-700x450.jpg","datePublished":"2019-03-08T16:53:04+00:00","dateModified":"2023-10-09T13:29:20+00:00","description":"Filter wechseln, Leitungen auf Korrosion pru\u0308fen, Keimzahlmessungen durchfu\u0308hren oder tropfende Hahnen reparieren \u2013 wir ku\u0308mmern uns um die Alltagssorgen in der Geb\u00e4udetechnik. Apova, das ist Sanit\u00e4r-Service, Heizungs-Service und Trinkwasserhygiene.","breadcrumb":{"@id":"https:\/\/apova.ch\/de\/leistungen\/#breadcrumb"},"inLanguage":"de","potentialAction":[{"@type":"ReadAction","target":["https:\/\/apova.ch\/de\/leistungen\/"]}]},{"@type":"ImageObject","inLanguage":"de","@id":"https:\/\/apova.ch\/de\/leistungen\/#primaryimage","url":"https:\/\/apova.ch\/wp-content\/uploads\/20230309_Bild_Grundhygiene_final-700x450.jpg","contentUrl":"https:\/\/apova.ch\/wp-content\/uploads\/20230309_Bild_Grundhygiene_final-700x450.jpg"},{"@type":"BreadcrumbList","@id":"https:\/\/apova.ch\/de\/leistungen\/#breadcrumb","itemListElement":[{"@type":"ListItem","position":1,"name":"Startseite","item":"https:\/\/apova.ch\/de\/"},{"@type":"ListItem","position":2,"name":"Leistungen"}]},{"@type":"WebSite","@id":"https:\/\/apova.ch\/de\/#website","url":"https:\/\/apova.ch\/de\/","name":"apova","description":"","potentialAction":[{"@type":"SearchAction","target":{"@type":"EntryPoint","urlTemplate":"https:\/\/apova.ch\/de\/?s={search_term_string}"},"query-input":{"@type":"PropertyValueSpecification","valueRequired":true,"valueName":"search_term_string"}}],"inLanguage":"de"}]}},"_links":{"self":[{"href":"https:\/\/apova.ch\/de\/wp-json\/wp\/v2\/pages\/6","targetHints":{"allow":["GET"]}}],"collection":[{"href":"https:\/\/apova.ch\/de\/wp-json\/wp\/v2\/pages"}],"about":[{"href":"https:\/\/apova.ch\/de\/wp-json\/wp\/v2\/types\/page"}],"author":[{"embeddable":true,"href":"https:\/\/apova.ch\/de\/wp-json\/wp\/v2\/users\/1"}],"replies":[{"embeddable":true,"href":"https:\/\/apova.ch\/de\/wp-json\/wp\/v2\/comments?post=6"}],"version-history":[{"count":233,"href":"https:\/\/apova.ch\/de\/wp-json\/wp\/v2\/pages\/6\/revisions"}],"predecessor-version":[{"id":2652,"href":"https:\/\/apova.ch\/de\/wp-json\/wp\/v2\/pages\/6\/revisions\/2652"}],"wp:attachment":[{"href":"https:\/\/apova.ch\/de\/wp-json\/wp\/v2\/media?parent=6"}],"curies":[{"name":"wp","href":"https:\/\/api.w.org\/{rel}","templated":true}]}}