{"id":83,"date":"2019-04-02T17:42:12","date_gmt":"2019-04-02T15:42:12","guid":{"rendered":"https:\/\/apova.ch.ownb.it\/?page_id=83"},"modified":"2023-04-13T21:38:20","modified_gmt":"2023-04-13T19:38:20","slug":"startseite","status":"publish","type":"page","link":"https:\/\/apova.ch\/de\/","title":{"rendered":"Home"},"content":{"rendered":"<div class=\"page-section pageheading-slider align-default\">\n\t<div class=\"pageheading-swiper container-fluid\">\n\t\t<div class=\"row\">\n\t\t\t<div class=\"layout-default layout-margin-default col-xs-12 col-sm-12 col-md-12 col-lg-12 col-xl-12\">\n\t\t\t\t<div class=\"slider-integrated\" id=\"69e2d62d40cc5\">\n\t\t\t\t\t<div class=\"swiper-container swiper-container-initialized swiper-container-horizontal\" id=\"69e2d62d40cc7\">\n\t\t\t\t\t\t<div class=\"swiper-wrapper\">\n\t\t\t\t\t\t\t<div class=\"slide swiper-slide\" style=\"background-image: url('https:\/\/apova.ch\/wp-content\/uploads\/01_home-scaled.jpg')\"><\/div><div class=\"slide swiper-slide\" style=\"background-image: url('https:\/\/apova.ch\/wp-content\/uploads\/02_home-scaled.jpg')\"><\/div>\n\t\t\t\t\t\t<\/div>\n\t\t\t\t\t\t<div class=\"swiper-pagination container\"><\/div>\n\t\t\t\t\t\t<div class=\"swiper-button-prev\"><\/div>\n\t\t\t\t\t\t<div class=\"swiper-button-next\"><\/div>\n\t\t\t\t\t<\/div>\n\t\t\t\t<\/div>\n\t\t\t\t<script>\n\tjQuery(function () {\n\t\tvar container = jQuery(\"#69e2d62d40cc5\");\n\t\tvar swiper = new Swiper(\"#69e2d62d40cc7\", {\"effect\":\"fade\",\"loop\":true,\"threshold\":30,\"speed\":1000,\"autoplay\":{\"disableOnInteraction\":true,\"delay\":7500}});\n\t});\n<\/script>\n\t\t\t<\/div>\n\t\t<\/div>\n\t<\/div>\n\t<div class=\"pageheading-content\">\n\t\t<div class=\"container\">\n\t\t\t<div class=\"row\">\n\t\t\t\t<div class=\"col-sm-6\">\n\t\t\t\t\t<div class=\"content\">\n\t\t\t\t\t\t<h1>Wir pflegen Installationen.<\/h1>\n\t\t\t\t\t<\/div>\n\t\t\t\t<\/div>\n\t\t\t<\/div>\n\t\t<\/div>\n\t<\/div>\n<\/div>\t\t<div class=\"page-section style-default layout-default align-default\" >\n\t\t\t<div class=\"container\">\n\t\t\t\t<div class=\"row\">\t\t\t<div class=\"layout-default layout-margin-default col-xs-12 col-sm-10 col-md-10 col-lg-10 col-xl-10\"><h1>Trinkwasser ist unser wichtigstes Lebensmittel<\/h1>\n<div class=\"lead\">\n<p>Wir unterst\u00fctzen Sie in der professionellen Pflege und Reparatur Ihrer Trinkwasserinstallation.\u00a0Vom Filter bis zur Duschbrause sind wir Ihr kompetenter Partner.\u00a0Nachhaltig, innovativ und ohne Serviceabo sorgen wir f\u00fcr bestm\u00f6gliche Hygiene und Sicherheit in Ihrer Installation, damit Sie Ihr Trinkwasser bedenkenlos verwenden k\u00f6nnen.<\/p>\n<p><strong>Ihr apova-Team<\/strong><\/p>\n<\/div>\n<\/div><\/div>\n\t\t\t<\/div>\n\t\t<\/div>\t\t<div class=\"page-section style-default layout-default align-default\" >\n\t\t\t<div class=\"container\">\n\t\t\t\t<div class=\"row\">\t\t\t<div class=\"layout-default layout-margin-default col-xs-12 col-sm-6 col-md-6 col-lg-6 col-xl-6\"><a  class=\"content-box arrow-link style-default type-imgtop\" href=\"https:\/\/apova.ch\/de\/leistungen\/\">\n\t<h3 class=\"box-title\">Reparatur und Service<\/h3>\n\t<div class=\"img-wrap\"><img loading=\"lazy\" decoding=\"async\" width=\"700\" height=\"450\" src=\"https:\/\/apova.ch\/wp-content\/uploads\/iStock-472120747-700x450.jpg\" class=\"attachment-tile size-tile\" alt=\"\" \/><\/div>\n\t<div class=\"content-wrap\">\n\t\t<div class=\"content no-inner-padding\">\n\t\t\t<div class=\"lead\"><p>Wir beheben Ihre grossen und kleinen St\u00f6rungen fachm\u00e4nnisch<\/p><\/div>\n\t\t<\/div>\n\t<\/div>\n<\/a><\/div>\t\t\t<div class=\"layout-default layout-margin-default col-xs-12 col-sm-6 col-md-6 col-lg-6 col-xl-6\"><a  class=\"content-box arrow-link style-default type-imgtop\" href=\"https:\/\/apova.ch\/de\/trinkwasser\/\">\n\t<h3 class=\"box-title\">Trinkwasser und Hygiene<\/h3>\n\t<div class=\"img-wrap\"><img loading=\"lazy\" decoding=\"async\" width=\"700\" height=\"450\" src=\"https:\/\/apova.ch\/wp-content\/uploads\/iStock-624546972-700x450.jpg\" class=\"attachment-tile size-tile\" alt=\"\" \/><\/div>\n\t<div class=\"content-wrap\">\n\t\t<div class=\"content no-inner-padding\">\n\t\t\t<div class=\"lead\"><p>Wir sorgen fu\u0308r einwandfreies Trinkwasser<\/p><\/div>\n\t\t<\/div>\n\t<\/div>\n<\/a><\/div><\/div>\n\t\t\t<\/div>\n\t\t<\/div>\t\t<div class=\"page-section style-light layout-default align-default\"  id=\"video\">\n\t\t\t<div class=\"container\">\n\t\t\t\t<div class=\"row\">\t\t\t<div class=\"layout-default layout-margin-default col-xs-12 col-sm-12 col-md-12 col-lg-12 col-xl-12\"><div style=\"width: 1920px;\" class=\"wp-video\"><video class=\"wp-video-shortcode\" id=\"video-83-1\" width=\"1920\" height=\"1080\" poster=\"https:\/\/apova.ch\/wp-content\/uploads\/apova.ch_.ownb_.it_de_.png\" preload=\"metadata\" controls=\"controls\"><source type=\"video\/mp4\" src=\"https:\/\/apova.ch\/wp-content\/uploads\/Dein-Loft-Film-Apova-HR.mp4?_=1\" \/><a href=\"https:\/\/apova.ch\/wp-content\/uploads\/Dein-Loft-Film-Apova-HR.mp4\">https:\/\/apova.ch\/wp-content\/uploads\/Dein-Loft-Film-Apova-HR.mp4<\/a><\/video><\/div>\n<p><!--<\/p>\n[video src=\"\/wp-content\/uploads\/Dein-Loft-Film-Apova-HR.mp4\" poster=\"https:\/\/apova.ch\/wp-content\/uploads\/film_startbild_01-scaled.jpg\"][\/video]\n<p>--><\/p><div class=\"lead\"><p>Unsere Dienstleistungen f\u00fcr Sie in 81 Sekunden.<\/p><\/div><\/div><\/div>\n\t\t\t<\/div>\n\t\t<\/div>\t\t<div class=\"page-section style-default layout-default align-default\" >\n\t\t\t<div class=\"container\">\n\t\t\t\t<div class=\"row\">\t\t\t<div class=\"col-xs-12 col-sm-12 col-md-12 col-lg-12 col-xl-12\">\t\t<div class=\"ug ug-xs-1-15 ug-sm-3-15 ug-md-3-15 ug-lg-3-15 ug-xl-3-15\">\n\t\t\t<a  class=\"content-box arrow-link style-default type-imgtop type-imgarrow\" href=\"https:\/\/apova.ch\/de\/leistungen\/unsere-kunden\/\">\n\t\n\t<div class=\"img-wrap\"><img loading=\"lazy\" decoding=\"async\" width=\"700\" height=\"450\" src=\"https:\/\/apova.ch\/wp-content\/uploads\/Immobilienverwaltung-700x450.jpg\" class=\"attachment-tile size-tile\" alt=\"\" \/><\/div>\n\t<div class=\"content-wrap\">\n\t\t<div class=\"content no-inner-padding\">\n\t\t\t<div class=\"lead\">\n<p><strong>apova f\u00fcr Immobilien\u00adverwaltungen\u00a0\u203a<\/strong><\/p>\n<\/div>\n\n\t\t<\/div>\n\t<\/div>\n<\/a><a  class=\"content-box arrow-link style-default type-imgtop type-imgarrow\" href=\"https:\/\/apova.ch\/de\/leistungen\/unsere-kunden\/\">\n\t\n\t<div class=\"img-wrap\"><img loading=\"lazy\" decoding=\"async\" width=\"700\" height=\"450\" src=\"https:\/\/apova.ch\/wp-content\/uploads\/iStock-182691828-700x450.jpg\" class=\"attachment-tile size-tile\" alt=\"\" \/><\/div>\n\t<div class=\"content-wrap\">\n\t\t<div class=\"content no-inner-padding\">\n\t\t\t<div class=\"lead\">\n<p><strong>apova f\u00fcr Privatkunden \u203a<\/strong><\/p>\n<\/div>\n\n\t\t<\/div>\n\t<\/div>\n<\/a><a  class=\"content-box arrow-link style-default type-imgtop type-imgarrow\" href=\"https:\/\/apova.ch\/de\/leistungen\/unsere-kunden\/\">\n\t\n\t<div class=\"img-wrap\"><img loading=\"lazy\" decoding=\"async\" width=\"700\" height=\"450\" src=\"https:\/\/apova.ch\/wp-content\/uploads\/unsere-kunden_gewerbe-700x450.jpg\" class=\"attachment-tile size-tile\" alt=\"\" \/><\/div>\n\t<div class=\"content-wrap\">\n\t\t<div class=\"content no-inner-padding\">\n\t\t\t<div class=\"lead\">\n<p><strong>apova im Gewerbe \u203a<\/strong><\/p>\n<\/div>\n\n\t\t<\/div>\n\t<\/div>\n<\/a>\n\t\t<\/div><\/div><\/div>\n\t\t\t<\/div>\n\t\t<\/div>\t\t<div class=\"page-section style-default layout-default align-default\" >\n\t\t\t<div class=\"container\">\n\t\t\t\t<div class=\"row\">\t\t\t<div class=\"layout-default layout-margin-default col-xs-12 col-sm-12 col-md-12 col-lg-12 col-xl-12\">\t\t<div class=\"testimonial\">\n\t\t\t<blockquote>\u00abWasser ist die treibende Kraft im Leben.\u00bb<\/blockquote>\n\t\t\t<div class=\"quote-info\">Leonardo da Vinci<\/div>\n\t\t<\/div><\/div><\/div>\n\t\t\t<\/div>\n\t\t<\/div>","protected":false},"excerpt":{"rendered":"<p>Wir pflegen Installationen. Trinkwasser ist unser wichtigstes Lebensmittel Wir unterst\u00fctzen Sie in der professionellen Pflege und Reparatur Ihrer Trinkwasserinstallation.\u00a0Vom Filter bis zur Duschbrause sind wir Ihr kompetenter Partner.\u00a0Nachhaltig, innovativ und ohne Serviceabo sorgen wir f\u00fcr bestm\u00f6gliche Hygiene und Sicherheit in Ihrer Installation, damit Sie Ihr Trinkwasser bedenkenlos verwenden k\u00f6nnen. Ihr apova-Team Reparatur und Service Wir [&hellip;]<\/p>\n","protected":false},"author":1,"featured_media":0,"parent":0,"menu_order":0,"comment_status":"closed","ping_status":"closed","template":"","meta":{"_acf_changed":false,"inline_featured_image":false,"footnotes":""},"class_list":["post-83","page","type-page","status-publish","hentry"],"acf":[],"yoast_head":"<!-- This site is optimized with the Yoast SEO plugin v27.4 - https:\/\/yoast.com\/product\/yoast-seo-wordpress\/ -->\n<title>Home - apova<\/title>\n<meta name=\"description\" content=\"Apova behebt M\u00e4ngel und St\u00f6rungen bei sanit\u00e4ren Anlagen und sorgt f\u00fcr Hygiene beim Trinkwasser. Apova \u2013 der Spezialist f\u00fcr Sanit\u00e4r-Service, Heizungs-Service und Trinkwasserhygiene.\" \/>\n<meta name=\"robots\" content=\"index, follow, max-snippet:-1, max-image-preview:large, max-video-preview:-1\" \/>\n<link rel=\"canonical\" href=\"https:\/\/apova.ch\/de\/\" \/>\n<meta property=\"og:locale\" content=\"de_DE\" \/>\n<meta property=\"og:type\" content=\"article\" \/>\n<meta property=\"og:title\" content=\"Home - apova\" \/>\n<meta property=\"og:description\" content=\"Apova behebt M\u00e4ngel und St\u00f6rungen bei sanit\u00e4ren Anlagen und sorgt f\u00fcr Hygiene beim Trinkwasser. Apova \u2013 der Spezialist f\u00fcr Sanit\u00e4r-Service, Heizungs-Service und Trinkwasserhygiene.\" \/>\n<meta property=\"og:url\" content=\"https:\/\/apova.ch\/de\/\" \/>\n<meta property=\"og:site_name\" content=\"apova\" \/>\n<meta property=\"article:modified_time\" content=\"2023-04-13T19:38:20+00:00\" \/>\n<meta property=\"og:image\" content=\"https:\/\/apova.ch\/wp-content\/uploads\/iStock-472120747-700x450.jpg\" \/>\n<meta name=\"twitter:card\" content=\"summary_large_image\" \/>\n<meta name=\"twitter:label1\" content=\"Gesch\u00e4tzte Lesezeit\" \/>\n\t<meta name=\"twitter:data1\" content=\"1\u00a0Minute\" \/>\n<script type=\"application\/ld+json\" class=\"yoast-schema-graph\">{\"@context\":\"https:\\\/\\\/schema.org\",\"@graph\":[{\"@type\":\"WebPage\",\"@id\":\"https:\\\/\\\/apova.ch\\\/de\\\/\",\"url\":\"https:\\\/\\\/apova.ch\\\/de\\\/\",\"name\":\"Home - apova\",\"isPartOf\":{\"@id\":\"https:\\\/\\\/apova.ch\\\/de\\\/#website\"},\"primaryImageOfPage\":{\"@id\":\"https:\\\/\\\/apova.ch\\\/de\\\/#primaryimage\"},\"image\":{\"@id\":\"https:\\\/\\\/apova.ch\\\/de\\\/#primaryimage\"},\"thumbnailUrl\":\"https:\\\/\\\/apova.ch\\\/wp-content\\\/uploads\\\/iStock-472120747-700x450.jpg\",\"datePublished\":\"2019-04-02T15:42:12+00:00\",\"dateModified\":\"2023-04-13T19:38:20+00:00\",\"description\":\"Apova behebt M\u00e4ngel und St\u00f6rungen bei sanit\u00e4ren Anlagen und sorgt f\u00fcr Hygiene beim Trinkwasser. Apova \u2013 der Spezialist f\u00fcr Sanit\u00e4r-Service, Heizungs-Service und Trinkwasserhygiene.\",\"breadcrumb\":{\"@id\":\"https:\\\/\\\/apova.ch\\\/de\\\/#breadcrumb\"},\"inLanguage\":\"de\",\"potentialAction\":[{\"@type\":\"ReadAction\",\"target\":[\"https:\\\/\\\/apova.ch\\\/de\\\/\"]}]},{\"@type\":\"ImageObject\",\"inLanguage\":\"de\",\"@id\":\"https:\\\/\\\/apova.ch\\\/de\\\/#primaryimage\",\"url\":\"https:\\\/\\\/apova.ch\\\/wp-content\\\/uploads\\\/iStock-472120747-700x450.jpg\",\"contentUrl\":\"https:\\\/\\\/apova.ch\\\/wp-content\\\/uploads\\\/iStock-472120747-700x450.jpg\"},{\"@type\":\"BreadcrumbList\",\"@id\":\"https:\\\/\\\/apova.ch\\\/de\\\/#breadcrumb\",\"itemListElement\":[{\"@type\":\"ListItem\",\"position\":1,\"name\":\"Startseite\",\"item\":\"https:\\\/\\\/apova.ch\\\/de\\\/\"},{\"@type\":\"ListItem\",\"position\":2,\"name\":\"Home\"}]},{\"@type\":\"WebSite\",\"@id\":\"https:\\\/\\\/apova.ch\\\/de\\\/#website\",\"url\":\"https:\\\/\\\/apova.ch\\\/de\\\/\",\"name\":\"apova\",\"description\":\"\",\"potentialAction\":[{\"@type\":\"SearchAction\",\"target\":{\"@type\":\"EntryPoint\",\"urlTemplate\":\"https:\\\/\\\/apova.ch\\\/de\\\/?s={search_term_string}\"},\"query-input\":{\"@type\":\"PropertyValueSpecification\",\"valueRequired\":true,\"valueName\":\"search_term_string\"}}],\"inLanguage\":\"de\"}]}<\/script>\n<!-- \/ Yoast SEO plugin. -->","yoast_head_json":{"title":"Home - apova","description":"Apova behebt M\u00e4ngel und St\u00f6rungen bei sanit\u00e4ren Anlagen und sorgt f\u00fcr Hygiene beim Trinkwasser. Apova \u2013 der Spezialist f\u00fcr Sanit\u00e4r-Service, Heizungs-Service und Trinkwasserhygiene.","robots":{"index":"index","follow":"follow","max-snippet":"max-snippet:-1","max-image-preview":"max-image-preview:large","max-video-preview":"max-video-preview:-1"},"canonical":"https:\/\/apova.ch\/de\/","og_locale":"de_DE","og_type":"article","og_title":"Home - apova","og_description":"Apova behebt M\u00e4ngel und St\u00f6rungen bei sanit\u00e4ren Anlagen und sorgt f\u00fcr Hygiene beim Trinkwasser. Apova \u2013 der Spezialist f\u00fcr Sanit\u00e4r-Service, Heizungs-Service und Trinkwasserhygiene.","og_url":"https:\/\/apova.ch\/de\/","og_site_name":"apova","article_modified_time":"2023-04-13T19:38:20+00:00","og_image":[{"url":"https:\/\/apova.ch\/wp-content\/uploads\/iStock-472120747-700x450.jpg","type":"","width":"","height":""}],"twitter_card":"summary_large_image","twitter_misc":{"Gesch\u00e4tzte Lesezeit":"1\u00a0Minute"},"schema":{"@context":"https:\/\/schema.org","@graph":[{"@type":"WebPage","@id":"https:\/\/apova.ch\/de\/","url":"https:\/\/apova.ch\/de\/","name":"Home - apova","isPartOf":{"@id":"https:\/\/apova.ch\/de\/#website"},"primaryImageOfPage":{"@id":"https:\/\/apova.ch\/de\/#primaryimage"},"image":{"@id":"https:\/\/apova.ch\/de\/#primaryimage"},"thumbnailUrl":"https:\/\/apova.ch\/wp-content\/uploads\/iStock-472120747-700x450.jpg","datePublished":"2019-04-02T15:42:12+00:00","dateModified":"2023-04-13T19:38:20+00:00","description":"Apova behebt M\u00e4ngel und St\u00f6rungen bei sanit\u00e4ren Anlagen und sorgt f\u00fcr Hygiene beim Trinkwasser. Apova \u2013 der Spezialist f\u00fcr Sanit\u00e4r-Service, Heizungs-Service und Trinkwasserhygiene.","breadcrumb":{"@id":"https:\/\/apova.ch\/de\/#breadcrumb"},"inLanguage":"de","potentialAction":[{"@type":"ReadAction","target":["https:\/\/apova.ch\/de\/"]}]},{"@type":"ImageObject","inLanguage":"de","@id":"https:\/\/apova.ch\/de\/#primaryimage","url":"https:\/\/apova.ch\/wp-content\/uploads\/iStock-472120747-700x450.jpg","contentUrl":"https:\/\/apova.ch\/wp-content\/uploads\/iStock-472120747-700x450.jpg"},{"@type":"BreadcrumbList","@id":"https:\/\/apova.ch\/de\/#breadcrumb","itemListElement":[{"@type":"ListItem","position":1,"name":"Startseite","item":"https:\/\/apova.ch\/de\/"},{"@type":"ListItem","position":2,"name":"Home"}]},{"@type":"WebSite","@id":"https:\/\/apova.ch\/de\/#website","url":"https:\/\/apova.ch\/de\/","name":"apova","description":"","potentialAction":[{"@type":"SearchAction","target":{"@type":"EntryPoint","urlTemplate":"https:\/\/apova.ch\/de\/?s={search_term_string}"},"query-input":{"@type":"PropertyValueSpecification","valueRequired":true,"valueName":"search_term_string"}}],"inLanguage":"de"}]}},"_links":{"self":[{"href":"https:\/\/apova.ch\/de\/wp-json\/wp\/v2\/pages\/83","targetHints":{"allow":["GET"]}}],"collection":[{"href":"https:\/\/apova.ch\/de\/wp-json\/wp\/v2\/pages"}],"about":[{"href":"https:\/\/apova.ch\/de\/wp-json\/wp\/v2\/types\/page"}],"author":[{"embeddable":true,"href":"https:\/\/apova.ch\/de\/wp-json\/wp\/v2\/users\/1"}],"replies":[{"embeddable":true,"href":"https:\/\/apova.ch\/de\/wp-json\/wp\/v2\/comments?post=83"}],"version-history":[{"count":494,"href":"https:\/\/apova.ch\/de\/wp-json\/wp\/v2\/pages\/83\/revisions"}],"predecessor-version":[{"id":2465,"href":"https:\/\/apova.ch\/de\/wp-json\/wp\/v2\/pages\/83\/revisions\/2465"}],"wp:attachment":[{"href":"https:\/\/apova.ch\/de\/wp-json\/wp\/v2\/media?parent=83"}],"curies":[{"name":"wp","href":"https:\/\/api.w.org\/{rel}","templated":true}]}}