{"id":9,"date":"2019-03-08T17:53:04","date_gmt":"2019-03-08T16:53:04","guid":{"rendered":"https:\/\/apova.ch.ownb.it\/corporatecorporate\/impressum\/"},"modified":"2021-04-30T09:42:56","modified_gmt":"2021-04-30T07:42:56","slug":"impressum","status":"publish","type":"page","link":"https:\/\/apova.ch\/de\/impressum\/","title":{"rendered":"Impressum"},"content":{"rendered":"\t\t<div class=\"page-section style-default layout-default align-default\" >\n\t\t\t<div class=\"container\">\n\t\t\t\t<div class=\"row\">\t\t\t<div class=\"layout-default layout-margin-default col-xs-12 col-sm-6 col-md-6 col-lg-6 col-xl-6\"><h3>Postanschrift<\/h3><p>apova gmbh<br \/>Tannenstrasse 13<br \/>8500 Frauenfeld<\/p><h3>Webentwicklung by OWNBIT GmbH<\/h3><p><style>\n\t.imp-img-link {<br \/>\t\ttext-decoration: none !important;<br \/>\t\tborder: none !important;<br \/>\t\tdisplay: inline-block;<br \/>\t}<\/p>\n<p>\t.imp-spacer {<br \/>\t\tmargin-top: 20px;<br \/>\t}<br \/><\/style><\/p><div class=\"imp-r1\"><a class=\"imp-img-link\" href=\"https:\/\/ownbit.agency\/?utm_source=apova gmbh &amp;utm_medium=link&amp;utm_term=impressum&amp;utm_campaign=apova gmbh -impressum\" target=\"_blank\" rel=\"noopener\"><br \/><img decoding=\"async\" style=\"max-width: 250px;\" title=\"\" src=\"data:image\/svg+xml;base64,PHN2ZyBpZD0iRWJlbmVfMSIgZGF0YS1uYW1lPSJFYmVuZSAxIiB4bWxucz0iaHR0cDovL3d3dy53My5vcmcvMjAwMC9zdmciIHdpZHRoPSI1NzEuMjUiIGhlaWdodD0iMTQwIiB2aWV3Qm94PSIwIDAgNTcxLjI1IDE0MCI+PHRpdGxlPk93bmJpdF9Mb2dvX3N3PC90aXRsZT48cGF0aCBkPSJNMCwwVjE0MEgxNDAuMjhWMFpNNDIuMzIsMTA4Wm0wLDBoMGEzNC4xNSwzNC4xNSwwLDAsMS02LjQ1LTUuNjVjLS4yOC0uMy0uNTUtLjYtLjgyLS45MS0uNDktLjU4LTEtMS4xNi0xLjQ1LTEuNzVBNDYuNjMsNDYuNjMsMCwwLDEsMzUuNzcsMzljMTAtMTAuODIsMjIuNjEtMTUuNjksMzcuMzMtMTUsLjM5LDAsLjc4LjA5LDEuNDUuMTgtLjQ2LjMxLS43MS41LTEsLjY2LTE4LjI3LDExLjEzLTMwLDI3LTM0LDQ4LjEyQTYyLjQsNjIuNCwwLDAsMCw0MSwxMDMuODVjLjQzLDEuMzUuOTMsMi42NywxLjM5LDRabTc0LTMxLjI2YTQ2LjUyLDQ2LjUyLDAsMCwxLTQ4LjI3LDQwLjQ2QTM5LjkxLDM5LjkxLDAsMCwxLDU2LjU1LDk5LjM0QzUzLjY0LDkwLjgxLDUzLDgyLDUzLjUxLDczLjA3YTY2LjQ0LDY2LjQ0LDAsMCwxLDYtMjUuMTlDNjMuMDgsNDAuMzEsNjcuODMsMzMuNjMsNzUsMjljMi4yNS0xLjQ1LDQuNzYtMi41LDYuOTEtMy42MUE0Ni43Miw0Ni43MiwwLDAsMSwxMTYuMzQsNzYuN1oiIGZpbGw9IiMyMjIiLz48cGF0aCBkPSJNMjU2LjUsNzBxMCwxNi42LTguMywyNS44MVQyMjQuNjksMTA1cS0xNS40MSwwLTIzLjY2LTkuMTR0LTguMjUtMjZxMC0xNi44Myw4LjMtMjUuODZ0MjMuNy05cTE1LjE2LDAsMjMuNDQsOS4xNlQyNTYuNSw3MFptLTUxLjkxLDBxMCwxMi41NSw1LjA3LDE5dDE1LDYuNDlxOS45LDAsMTQuOTUtNi40MlQyNDQuNjksNzBxMC0xMi41MS01LTE5dC0xNC45MS02LjQ3cS0xMCwwLTE1LjA5LDYuNDdUMjA0LjU5LDcwWiIgZmlsbD0iIzIyMiIvPjxwYXRoIGQ9Ik0zMzMuODUsMTA0LjA3SDMyMS43NkwzMTAuMjIsNjMuNTFxLS43NC0yLjY1LTEuODYtNy42NXQtMS4zNS03Yy0uMzEsMi0uODEsNC41Ni0xLjUxLDcuNzJzLTEuMjgsNS41Mi0xLjc0LDcuMDdMMjkyLjUsMTA0LjA3SDI4MC40MWwtOC43OS0zNC04LjkzLTMzLjk1SDI3NGw5LjcyLDM5LjYzUTI4Niw4NS4yMywyODcsOTIuNTNjLjM0LTIuNjMuODUtNS41OCwxLjU0LTguODNzMS4zLTUuODksMS44Ni03LjkxbDExLjA3LTM5LjcyaDExTDMyMy44NSw3NmExNTAuOTEsMTUwLjkxLDAsMCwxLDMuNDQsMTYuNTUsMTIyLjA4LDEyMi4wOCwwLDAsMSwzLjM1LTE2LjkzbDkuNjctMzkuNTNoMTEuMjZaIiBmaWxsPSIjMjIyIi8+PHBhdGggZD0iTTQxNy44NSwxMDQuMDdINDA0LjIyTDM3MC43OCw0OS44OGgtLjM3bC4yMywzYy40Myw1Ljc2LjY1LDExLC42NSwxNS44MXYzNS4zNUgzNjEuMnYtNjhoMTMuNDlMNDA4LDkwaC4yN2MtLjA2LS43Mi0uMTgtMy4zMS0uMzctNy43OXMtLjI4LTgtLjI4LTEwLjQ5VjM2LjA3aDEwLjE5WiIgZmlsbD0iIzIyMiIvPjxwYXRoIGQ9Ik00MzUuOCwzNi4wN0g0NTZxMTQsMCwyMC4zLDQuMDl0Ni4yNiwxMi45M0ExNS43MiwxNS43MiwwLDAsMSw0NzkuNDgsNjNhMTMuNzcsMTMuNzcsMCwwLDEtOC44NCw1di40NmM0Ljc3LjksOC4yOSwyLjY4LDEwLjUzLDUuMzNzMy4zOCw2LjI0LDMuMzgsMTAuNzZxMCw5LjE2LTYuNCwxNC4zNXQtMTcuNzksNS4xOUg0MzUuOFptMTEuMTIsMjguMDloMTAuN3E3LDAsMTAuMTgtMi4yMVQ0NzEsNTQuNDRxMC00Ljc4LTMuNDYtNi45M3QtMTEtMi4xNGgtOS42M1ptMCw5Vjk0LjcyaDExLjgxcTcsMCwxMC41NC0yLjY3dDMuNTYtOC40NXEwLTUuMy0zLjYzLTcuODZ0LTExLTIuNTVaIiBmaWxsPSIjMjIyIi8+PHBhdGggZD0iTTQ5OC42OSwxMDQuMDd2LTY4SDUwOS44djY4WiIgZmlsbD0iIzIyMiIvPjxwYXRoIGQ9Ik01NTEuMjUsMTA0LjA3SDU0MC4xM1Y0NS42aC0yMFYzNi4wN2g1MS4xMlY0NS42aC0yMFoiIGZpbGw9IiMyMjIiLz48L3N2Zz4=\" alt=\"OWNBIT Webdesign aus Schaffhausen\" \/><br \/><\/a><\/div><div class=\"imp-r2\"><div class=\"imp-spacer\">\u00a0<\/div><p><a href=\"https:\/\/ownbit.agency\/?utm_source=apova gmbh &amp;utm_medium=link&amp;utm_term=impressum&amp;utm_campaign=apova gmbh -impressum\" target=\"_blank\" rel=\"noopener\">OWNBIT GmbH \u2013 Webdesign aus Schaffhausen<\/a><\/p><\/div><\/div><\/div>\n\t\t\t<\/div>\n\t\t<\/div>\t\t<div class=\"page-section style-default layout-default align-default\" >\n\t\t\t<div class=\"container\">\n\t\t\t\t<div class=\"row\">\t\t\t<div class=\"layout-default layout-margin-default col-xs-12 col-sm-6 col-md-6 col-lg-6 col-xl-6\"><div class=\"imp-r2\"><h2>Haftungsausschluss<\/h2><\/div><p>apova gmbh \u00fcbernimmt keinerlei Gew\u00e4hr hinsichtlich der inhaltlichen Richtigkeit, Genauigkeit, Aktualit\u00e4t, Zuverl\u00e4ssigkeit und<br \/>Vollst\u00e4ndigkeit der Informationen. Haftungsanspr\u00fcche gegen apova gmbh wegen Sch\u00e4den materieller oder immaterieller Art,<br \/>welche aus dem Zugriff oder der Nutzung bzw. Nichtnutzung der ver\u00f6ffentlichten Informationen, durch Missbrauch der<br \/>Verbindung oder durch technische St\u00f6rungen entstanden sind, werden ausgeschlossen. Alle Angebote sind unverbindlich.<br \/>Der Autor beh\u00e4lt es sich ausdr\u00fccklich vor, Teile der Seiten oder das gesamte Angebot ohne gesonderte Ank\u00fcndigung zu<br \/>ver\u00e4ndern, zu erg\u00e4nzen, zu l\u00f6schen oder die Ver\u00f6ffentlichung zeitweise oder endg\u00fcltig einzustellen.<\/p><\/div>\t\t\t<div class=\"layout-default layout-margin-default col-xs-12 col-sm-6 col-md-6 col-lg-6 col-xl-6\"><div class=\"imp-r2\">\u00a0<\/div><h3>Haftung f\u00fcr Links<\/h3><p>Verweise und Links auf Webseiten Dritter liegen ausserhalb unseres Verantwortungsbereichs.<br \/>Es wird jegliche Verantwortung f\u00fcr solche Webseiten abgelehnt.<br \/>Der Zugriff und die Nutzung solcher Webseiten erfolgen auf eigene Gefahr des Nutzers oder der Nutzerin.<\/p><h3>Urheberrechte<\/h3><p>Die Urheber- und alle anderen Rechte an Inhalten, Bildern, Fotos oder anderen Dateien auf der Website geh\u00f6ren apova gmbh oder<br \/>den jeweiligen\u00a0Rechtsinhabern. F\u00fcr die Reproduktion jeglicher Elemente ist die schriftliche Zustimmung der<br \/>Urheberrechtstr\u00e4ger im Voraus einzuholen.<\/p><\/div><\/div>\n\t\t\t<\/div>\n\t\t<\/div>","protected":false},"excerpt":{"rendered":"<p>Postanschriftapova gmbhTannenstrasse 138500 FrauenfeldWebentwicklung by OWNBIT GmbH\u00a0OWNBIT GmbH \u2013 Webdesign aus Schaffhausen Haftungsausschlussapova gmbh \u00fcbernimmt keinerlei Gew\u00e4hr hinsichtlich der inhaltlichen Richtigkeit, Genauigkeit, Aktualit\u00e4t, Zuverl\u00e4ssigkeit undVollst\u00e4ndigkeit der Informationen. Haftungsanspr\u00fcche gegen apova gmbh wegen Sch\u00e4den materieller oder immaterieller Art,welche aus dem Zugriff oder der Nutzung bzw. Nichtnutzung der ver\u00f6ffentlichten Informationen, durch Missbrauch derVerbindung oder durch technische St\u00f6rungen [&hellip;]<\/p>\n","protected":false},"author":1,"featured_media":0,"parent":0,"menu_order":0,"comment_status":"closed","ping_status":"closed","template":"","meta":{"_acf_changed":false,"inline_featured_image":false,"footnotes":""},"class_list":["post-9","page","type-page","status-publish","hentry"],"acf":[],"yoast_head":"<!-- This site is optimized with the Yoast SEO plugin v27.5 - https:\/\/yoast.com\/product\/yoast-seo-wordpress\/ -->\n<title>Impressum - apova<\/title>\n<meta name=\"robots\" content=\"index, follow, max-snippet:-1, max-image-preview:large, max-video-preview:-1\" \/>\n<link rel=\"canonical\" href=\"https:\/\/apova.ch\/de\/impressum\/\" \/>\n<meta property=\"og:locale\" content=\"de_DE\" \/>\n<meta property=\"og:type\" content=\"article\" \/>\n<meta property=\"og:title\" content=\"Impressum - apova\" \/>\n<meta property=\"og:description\" content=\"Postanschriftapova gmbhTannenstrasse 138500 FrauenfeldWebentwicklung by OWNBIT GmbH\u00a0OWNBIT GmbH \u2013 Webdesign aus Schaffhausen Haftungsausschlussapova gmbh \u00fcbernimmt keinerlei Gew\u00e4hr hinsichtlich der inhaltlichen Richtigkeit, Genauigkeit, Aktualit\u00e4t, Zuverl\u00e4ssigkeit undVollst\u00e4ndigkeit der Informationen. Haftungsanspr\u00fcche gegen apova gmbh wegen Sch\u00e4den materieller oder immaterieller Art,welche aus dem Zugriff oder der Nutzung bzw. Nichtnutzung der ver\u00f6ffentlichten Informationen, durch Missbrauch derVerbindung oder durch technische St\u00f6rungen [&hellip;]\" \/>\n<meta property=\"og:url\" content=\"https:\/\/apova.ch\/de\/impressum\/\" \/>\n<meta property=\"og:site_name\" content=\"apova\" \/>\n<meta property=\"article:modified_time\" content=\"2021-04-30T07:42:56+00:00\" \/>\n<meta property=\"og:image\" content=\"\" \/>\n<meta name=\"twitter:card\" content=\"summary_large_image\" \/>\n<meta name=\"twitter:label1\" content=\"Gesch\u00e4tzte Lesezeit\" \/>\n\t<meta name=\"twitter:data1\" content=\"1\u00a0Minute\" \/>\n<script type=\"application\/ld+json\" class=\"yoast-schema-graph\">{\"@context\":\"https:\\\/\\\/schema.org\",\"@graph\":[{\"@type\":\"WebPage\",\"@id\":\"https:\\\/\\\/apova.ch\\\/de\\\/impressum\\\/\",\"url\":\"https:\\\/\\\/apova.ch\\\/de\\\/impressum\\\/\",\"name\":\"Impressum - apova\",\"isPartOf\":{\"@id\":\"https:\\\/\\\/apova.ch\\\/de\\\/#website\"},\"datePublished\":\"2019-03-08T16:53:04+00:00\",\"dateModified\":\"2021-04-30T07:42:56+00:00\",\"breadcrumb\":{\"@id\":\"https:\\\/\\\/apova.ch\\\/de\\\/impressum\\\/#breadcrumb\"},\"inLanguage\":\"de\",\"potentialAction\":[{\"@type\":\"ReadAction\",\"target\":[\"https:\\\/\\\/apova.ch\\\/de\\\/impressum\\\/\"]}]},{\"@type\":\"BreadcrumbList\",\"@id\":\"https:\\\/\\\/apova.ch\\\/de\\\/impressum\\\/#breadcrumb\",\"itemListElement\":[{\"@type\":\"ListItem\",\"position\":1,\"name\":\"Startseite\",\"item\":\"https:\\\/\\\/apova.ch\\\/de\\\/\"},{\"@type\":\"ListItem\",\"position\":2,\"name\":\"Impressum\"}]},{\"@type\":\"WebSite\",\"@id\":\"https:\\\/\\\/apova.ch\\\/de\\\/#website\",\"url\":\"https:\\\/\\\/apova.ch\\\/de\\\/\",\"name\":\"apova\",\"description\":\"\",\"potentialAction\":[{\"@type\":\"SearchAction\",\"target\":{\"@type\":\"EntryPoint\",\"urlTemplate\":\"https:\\\/\\\/apova.ch\\\/de\\\/?s={search_term_string}\"},\"query-input\":{\"@type\":\"PropertyValueSpecification\",\"valueRequired\":true,\"valueName\":\"search_term_string\"}}],\"inLanguage\":\"de\"}]}<\/script>\n<!-- \/ Yoast SEO plugin. -->","yoast_head_json":{"title":"Impressum - apova","robots":{"index":"index","follow":"follow","max-snippet":"max-snippet:-1","max-image-preview":"max-image-preview:large","max-video-preview":"max-video-preview:-1"},"canonical":"https:\/\/apova.ch\/de\/impressum\/","og_locale":"de_DE","og_type":"article","og_title":"Impressum - apova","og_description":"Postanschriftapova gmbhTannenstrasse 138500 FrauenfeldWebentwicklung by OWNBIT GmbH\u00a0OWNBIT GmbH \u2013 Webdesign aus Schaffhausen Haftungsausschlussapova gmbh \u00fcbernimmt keinerlei Gew\u00e4hr hinsichtlich der inhaltlichen Richtigkeit, Genauigkeit, Aktualit\u00e4t, Zuverl\u00e4ssigkeit undVollst\u00e4ndigkeit der Informationen. Haftungsanspr\u00fcche gegen apova gmbh wegen Sch\u00e4den materieller oder immaterieller Art,welche aus dem Zugriff oder der Nutzung bzw. Nichtnutzung der ver\u00f6ffentlichten Informationen, durch Missbrauch derVerbindung oder durch technische St\u00f6rungen [&hellip;]","og_url":"https:\/\/apova.ch\/de\/impressum\/","og_site_name":"apova","article_modified_time":"2021-04-30T07:42:56+00:00","og_image":[{"url":"data:image\/svg+xml;base64,PHN2ZyBpZD0iRWJlbmVfMSIgZGF0YS1uYW1lPSJFYmVuZSAxIiB4bWxucz0iaHR0cDovL3d3dy53My5vcmcvMjAwMC9zdmciIHdpZHRoPSI1NzEuMjUiIGhlaWdodD0iMTQwIiB2aWV3Qm94PSIwIDAgNTcxLjI1IDE0MCI+PHRpdGxlPk93bmJpdF9Mb2dvX3N3PC90aXRsZT48cGF0aCBkPSJNMCwwVjE0MEgxNDAuMjhWMFpNNDIuMzIsMTA4Wm0wLDBoMGEzNC4xNSwzNC4xNSwwLDAsMS02LjQ1LTUuNjVjLS4yOC0uMy0uNTUtLjYtLjgyLS45MS0uNDktLjU4LTEtMS4xNi0xLjQ1LTEuNzVBNDYuNjMsNDYuNjMsMCwwLDEsMzUuNzcsMzljMTAtMTAuODIsMjIuNjEtMTUuNjksMzcuMzMtMTUsLjM5LDAsLjc4LjA5LDEuNDUuMTgtLjQ2LjMxLS43MS41LTEsLjY2LTE4LjI3LDExLjEzLTMwLDI3LTM0LDQ4LjEyQTYyLjQsNjIuNCwwLDAsMCw0MSwxMDMuODVjLjQzLDEuMzUuOTMsMi42NywxLjM5LDRabTc0LTMxLjI2YTQ2LjUyLDQ2LjUyLDAsMCwxLTQ4LjI3LDQwLjQ2QTM5LjkxLDM5LjkxLDAsMCwxLDU2LjU1LDk5LjM0QzUzLjY0LDkwLjgxLDUzLDgyLDUzLjUxLDczLjA3YTY2LjQ0LDY2LjQ0LDAsMCwxLDYtMjUuMTlDNjMuMDgsNDAuMzEsNjcuODMsMzMuNjMsNzUsMjljMi4yNS0xLjQ1LDQuNzYtMi41LDYuOTEtMy42MUE0Ni43Miw0Ni43MiwwLDAsMSwxMTYuMzQsNzYuN1oiIGZpbGw9IiMyMjIiLz48cGF0aCBkPSJNMjU2LjUsNzBxMCwxNi42LTguMywyNS44MVQyMjQuNjksMTA1cS0xNS40MSwwLTIzLjY2LTkuMTR0LTguMjUtMjZxMC0xNi44Myw4LjMtMjUuODZ0MjMuNy05cTE1LjE2LDAsMjMuNDQsOS4xNlQyNTYuNSw3MFptLTUxLjkxLDBxMCwxMi41NSw1LjA3LDE5dDE1LDYuNDlxOS45LDAsMTQuOTUtNi40MlQyNDQuNjksNzBxMC0xMi41MS01LTE5dC0xNC45MS02LjQ3cS0xMCwwLTE1LjA5LDYuNDdUMjA0LjU5LDcwWiIgZmlsbD0iIzIyMiIvPjxwYXRoIGQ9Ik0zMzMuODUsMTA0LjA3SDMyMS43NkwzMTAuMjIsNjMuNTFxLS43NC0yLjY1LTEuODYtNy42NXQtMS4zNS03Yy0uMzEsMi0uODEsNC41Ni0xLjUxLDcuNzJzLTEuMjgsNS41Mi0xLjc0LDcuMDdMMjkyLjUsMTA0LjA3SDI4MC40MWwtOC43OS0zNC04LjkzLTMzLjk1SDI3NGw5LjcyLDM5LjYzUTI4Niw4NS4yMywyODcsOTIuNTNjLjM0LTIuNjMuODUtNS41OCwxLjU0LTguODNzMS4zLTUuODksMS44Ni03LjkxbDExLjA3LTM5LjcyaDExTDMyMy44NSw3NmExNTAuOTEsMTUwLjkxLDAsMCwxLDMuNDQsMTYuNTUsMTIyLjA4LDEyMi4wOCwwLDAsMSwzLjM1LTE2LjkzbDkuNjctMzkuNTNoMTEuMjZaIiBmaWxsPSIjMjIyIi8+PHBhdGggZD0iTTQxNy44NSwxMDQuMDdINDA0LjIyTDM3MC43OCw0OS44OGgtLjM3bC4yMywzYy40Myw1Ljc2LjY1LDExLC42NSwxNS44MXYzNS4zNUgzNjEuMnYtNjhoMTMuNDlMNDA4LDkwaC4yN2MtLjA2LS43Mi0uMTgtMy4zMS0uMzctNy43OXMtLjI4LTgtLjI4LTEwLjQ5VjM2LjA3aDEwLjE5WiIgZmlsbD0iIzIyMiIvPjxwYXRoIGQ9Ik00MzUuOCwzNi4wN0g0NTZxMTQsMCwyMC4zLDQuMDl0Ni4yNiwxMi45M0ExNS43MiwxNS43MiwwLDAsMSw0NzkuNDgsNjNhMTMuNzcsMTMuNzcsMCwwLDEtOC44NCw1di40NmM0Ljc3LjksOC4yOSwyLjY4LDEwLjUzLDUuMzNzMy4zOCw2LjI0LDMuMzgsMTAuNzZxMCw5LjE2LTYuNCwxNC4zNXQtMTcuNzksNS4xOUg0MzUuOFptMTEuMTIsMjguMDloMTAuN3E3LDAsMTAuMTgtMi4yMVQ0NzEsNTQuNDRxMC00Ljc4LTMuNDYtNi45M3QtMTEtMi4xNGgtOS42M1ptMCw5Vjk0LjcyaDExLjgxcTcsMCwxMC41NC0yLjY3dDMuNTYtOC40NXEwLTUuMy0zLjYzLTcuODZ0LTExLTIuNTVaIiBmaWxsPSIjMjIyIi8+PHBhdGggZD0iTTQ5OC42OSwxMDQuMDd2LTY4SDUwOS44djY4WiIgZmlsbD0iIzIyMiIvPjxwYXRoIGQ9Ik01NTEuMjUsMTA0LjA3SDU0MC4xM1Y0NS42aC0yMFYzNi4wN2g1MS4xMlY0NS42aC0yMFoiIGZpbGw9IiMyMjIiLz48L3N2Zz4=","type":"","width":"","height":""}],"twitter_card":"summary_large_image","twitter_misc":{"Gesch\u00e4tzte Lesezeit":"1\u00a0Minute"},"schema":{"@context":"https:\/\/schema.org","@graph":[{"@type":"WebPage","@id":"https:\/\/apova.ch\/de\/impressum\/","url":"https:\/\/apova.ch\/de\/impressum\/","name":"Impressum - apova","isPartOf":{"@id":"https:\/\/apova.ch\/de\/#website"},"datePublished":"2019-03-08T16:53:04+00:00","dateModified":"2021-04-30T07:42:56+00:00","breadcrumb":{"@id":"https:\/\/apova.ch\/de\/impressum\/#breadcrumb"},"inLanguage":"de","potentialAction":[{"@type":"ReadAction","target":["https:\/\/apova.ch\/de\/impressum\/"]}]},{"@type":"BreadcrumbList","@id":"https:\/\/apova.ch\/de\/impressum\/#breadcrumb","itemListElement":[{"@type":"ListItem","position":1,"name":"Startseite","item":"https:\/\/apova.ch\/de\/"},{"@type":"ListItem","position":2,"name":"Impressum"}]},{"@type":"WebSite","@id":"https:\/\/apova.ch\/de\/#website","url":"https:\/\/apova.ch\/de\/","name":"apova","description":"","potentialAction":[{"@type":"SearchAction","target":{"@type":"EntryPoint","urlTemplate":"https:\/\/apova.ch\/de\/?s={search_term_string}"},"query-input":{"@type":"PropertyValueSpecification","valueRequired":true,"valueName":"search_term_string"}}],"inLanguage":"de"}]}},"_links":{"self":[{"href":"https:\/\/apova.ch\/de\/wp-json\/wp\/v2\/pages\/9","targetHints":{"allow":["GET"]}}],"collection":[{"href":"https:\/\/apova.ch\/de\/wp-json\/wp\/v2\/pages"}],"about":[{"href":"https:\/\/apova.ch\/de\/wp-json\/wp\/v2\/types\/page"}],"author":[{"embeddable":true,"href":"https:\/\/apova.ch\/de\/wp-json\/wp\/v2\/users\/1"}],"replies":[{"embeddable":true,"href":"https:\/\/apova.ch\/de\/wp-json\/wp\/v2\/comments?post=9"}],"version-history":[{"count":12,"href":"https:\/\/apova.ch\/de\/wp-json\/wp\/v2\/pages\/9\/revisions"}],"predecessor-version":[{"id":1998,"href":"https:\/\/apova.ch\/de\/wp-json\/wp\/v2\/pages\/9\/revisions\/1998"}],"wp:attachment":[{"href":"https:\/\/apova.ch\/de\/wp-json\/wp\/v2\/media?parent=9"}],"curies":[{"name":"wp","href":"https:\/\/api.w.org\/{rel}","templated":true}]}}