{"id":1782,"date":"2019-03-08T17:53:04","date_gmt":"2019-03-08T16:53:04","guid":{"rendered":"https:\/\/apova.ch.ownb.it\/kontakt\/"},"modified":"2023-02-01T11:03:46","modified_gmt":"2023-02-01T10:03:46","slug":"contact","status":"publish","type":"page","link":"https:\/\/apova.ch\/en\/contact\/","title":{"rendered":"Contact"},"content":{"rendered":"\t\t<div class=\"pageheading overlayed\" >\n\t\t\t<div class=\"container content-wrap headline-wrap\">\n\t\t\t\t<div class=\"content\">\n\t\t\t\t\t<h1>There&#8217;s no harm in asking.<\/h1>\n\t\t\t\t<\/div>\n\t\t\t<\/div>\n\t\t<\/div>\t\t<div class=\"page-section style-default layout-default align-default\" >\n\t\t\t<div class=\"container\">\n\t\t\t\t<div class=\"row\">\t\t\t<div class=\"layout-default layout-margin-default col-xs-12 col-sm-8 col-md-8 col-lg-8 col-xl-8\"><h1 class=\"p1\"><b>Tell me more.<\/b><\/h1><p class=\"p1\"><span style=\"font-weight: 400;\">We would be happy to tell you more about the advantages of regular maintenance of the sanitary systems. And that without any obligation. After all, nobody wants to buy a pig in a poke.<\/span><\/p><\/div><\/div>\n\t\t\t<\/div>\n\t\t<\/div>\t\t<div class=\"page-section style-default layout-default align-default\" >\n\t\t\t<div class=\"container\">\n\t\t\t\t<div class=\"row\">\t\t\t<div class=\"layout-default col-xs-12 col-sm-6 col-md-6 col-lg-6 col-xl-6\">\n<div class=\"wpcf7 no-js\" id=\"wpcf7-f435-o1\" lang=\"de-DE\" dir=\"ltr\" data-wpcf7-id=\"435\">\n<div class=\"screen-reader-response\"><p role=\"status\" aria-live=\"polite\" aria-atomic=\"true\"><\/p> <ul><\/ul><\/div>\n<form action=\"\/en\/wp-json\/wp\/v2\/pages\/1782#wpcf7-f435-o1\" method=\"post\" class=\"wpcf7-form init\" aria-label=\"Kontaktformular\" enctype=\"multipart\/form-data\" novalidate=\"novalidate\" data-status=\"init\">\n<fieldset class=\"hidden-fields-container\"><input type=\"hidden\" name=\"_wpcf7\" value=\"435\" \/><input type=\"hidden\" name=\"_wpcf7_version\" value=\"6.1.5\" \/><input type=\"hidden\" name=\"_wpcf7_locale\" value=\"de_DE\" \/><input type=\"hidden\" name=\"_wpcf7_unit_tag\" value=\"wpcf7-f435-o1\" \/><input type=\"hidden\" name=\"_wpcf7_container_post\" value=\"0\" \/><input type=\"hidden\" name=\"_wpcf7_posted_data_hash\" value=\"\" \/><input type=\"hidden\" name=\"_wpcf7_recaptcha_response\" value=\"\" \/>\n<\/fieldset>\n<div class=\"wps-form\">\n\t<div class=\"wps-form-row\">\n\t\t<div class=\"wps-form-column\">\n\t\t\t<p><label>Vorname *<\/label><br \/>\n<span class=\"wpcf7-form-control-wrap\" data-name=\"firstname\"><input size=\"40\" maxlength=\"400\" class=\"wpcf7-form-control wpcf7-text wpcf7-validates-as-required\" aria-required=\"true\" aria-invalid=\"false\" value=\"\" type=\"text\" name=\"firstname\" \/><\/span>\n\t\t\t<\/p>\n\t\t<\/div>\n\t\t<div class=\"wps-form-column\">\n\t\t\t<p><label>Name *<\/label><br \/>\n<span class=\"wpcf7-form-control-wrap\" data-name=\"lastname\"><input size=\"40\" maxlength=\"400\" class=\"wpcf7-form-control wpcf7-text wpcf7-validates-as-required\" aria-required=\"true\" aria-invalid=\"false\" value=\"\" type=\"text\" name=\"lastname\" \/><\/span>\n\t\t\t<\/p>\n\t\t<\/div>\n\t<\/div>\n\t<div class=\"wps-form-row\">\n\t\t<div class=\"wps-form-column\">\n\t\t\t<p><label>Strasse \/ Nr. *<\/label><br \/>\n<span class=\"wpcf7-form-control-wrap\" data-name=\"street\"><input size=\"40\" maxlength=\"400\" class=\"wpcf7-form-control wpcf7-text wpcf7-validates-as-required\" aria-required=\"true\" aria-invalid=\"false\" value=\"\" type=\"text\" name=\"street\" \/><\/span>\n\t\t\t<\/p>\n\t\t<\/div>\n\t\t<div class=\"wps-form-column\">\n\t\t\t<p><label>PLZ \/ Ort *<\/label><br \/>\n<span class=\"wpcf7-form-control-wrap\" data-name=\"town\"><input size=\"40\" maxlength=\"400\" class=\"wpcf7-form-control wpcf7-text wpcf7-validates-as-required\" aria-required=\"true\" aria-invalid=\"false\" value=\"\" type=\"text\" name=\"town\" \/><\/span>\n\t\t\t<\/p>\n\t\t<\/div>\n\t<\/div>\n\t<div class=\"wps-form-row\">\n\t\t<div class=\"wps-form-column\">\n\t\t\t<p><label>E-Mail Adresse *<\/label><br \/>\n<span class=\"wpcf7-form-control-wrap\" data-name=\"email\"><input size=\"40\" maxlength=\"400\" class=\"wpcf7-form-control wpcf7-email wpcf7-validates-as-required wpcf7-text wpcf7-validates-as-email\" aria-required=\"true\" aria-invalid=\"false\" value=\"\" type=\"email\" name=\"email\" \/><\/span>\n\t\t\t<\/p>\n\t\t<\/div>\n\t\t<div class=\"wps-form-column\">\n\t\t\t<p><label>Telefon *<\/label><br \/>\n<span class=\"wpcf7-form-control-wrap\" data-name=\"phone\"><input size=\"40\" maxlength=\"400\" class=\"wpcf7-form-control wpcf7-tel wpcf7-validates-as-required wpcf7-text wpcf7-validates-as-tel\" aria-required=\"true\" aria-invalid=\"false\" value=\"\" type=\"tel\" name=\"phone\" \/><\/span>\n\t\t\t<\/p>\n\t\t<\/div>\n\t<\/div>\n\t<div class=\"wps-form-row\">\n\t\t<div class=\"wps-form-column\">\n\t\t\t<p><label>Betreff * <\/label><br \/>\n<span class=\"wpcf7-form-control-wrap\" data-name=\"subject\"><select class=\"wpcf7-form-control wpcf7-select wpcf7-validates-as-required\" aria-required=\"true\" aria-invalid=\"false\" name=\"subject\"><option value=\"Beratung\">Beratung<\/option><option value=\"Serviceauftrag\">Serviceauftrag<\/option><\/select><\/span>\n\t\t\t<\/p>\n\t\t<\/div>\n\t<\/div>\n\t<div class=\"wps-form-row\">\n\t\t<div class=\"wps-form-column\">\n\t\t\t<p><label>Kunde * <\/label><br \/>\n<span class=\"wpcf7-form-control-wrap\" data-name=\"Kundensegment\"><select class=\"wpcf7-form-control wpcf7-select wpcf7-validates-as-required\" aria-required=\"true\" aria-invalid=\"false\" name=\"Kundensegment\"><option value=\"Mieter\">Mieter<\/option><option value=\"Eigent\u00fcmer\">Eigent\u00fcmer<\/option><option value=\"Immobilienverwaltung\">Immobilienverwaltung<\/option><\/select><\/span>\n\t\t\t<\/p>\n\t\t<\/div>\n\t<\/div>\n\t<div class=\"wps-form-row\">\n\t\t<div class=\"wps-form-column\">\n\t\t\t<p><label>Nachricht * <\/label><br \/>\n<span>F\u00fcr Notf\u00e4lle w\u00e4hlen Sie bitte <a href=\"tel:+41527208989\">+41 52 720 89 89<\/a><\/span><br \/>\n<span class=\"wpcf7-form-control-wrap\" data-name=\"message\"><textarea cols=\"40\" rows=\"10\" maxlength=\"2000\" class=\"wpcf7-form-control wpcf7-textarea wpcf7-validates-as-required\" aria-required=\"true\" aria-invalid=\"false\" name=\"message\"><\/textarea><\/span>\n\t\t\t<\/p>\n\t\t<\/div>\n\t<\/div>\n\t<div class=\"wps-form-row\">\n\t\t<div class=\"wps-form-column\">\n\t\t\t<p><label>Anh\u00e4nge (je max. 7MB) <\/label><br \/>\n<span>bitte immer Typenschild des Gegenstandes lesbar fotografieren<\/span><br \/>\n<span class=\"wpcf7-form-control-wrap\" data-name=\"cust_attachment_1\"><input size=\"40\" class=\"wpcf7-form-control wpcf7-file\" accept=\"audio\/*,video\/*,image\/*\" aria-invalid=\"false\" type=\"file\" name=\"cust_attachment_1\" \/><\/span><br \/>\n<span class=\"wpcf7-form-control-wrap\" data-name=\"cust_attachment_2\"><input size=\"40\" class=\"wpcf7-form-control wpcf7-file\" accept=\"audio\/*,video\/*,image\/*\" aria-invalid=\"false\" type=\"file\" name=\"cust_attachment_2\" \/><\/span><br \/>\n<span class=\"wpcf7-form-control-wrap\" data-name=\"cust_attachment_3\"><input size=\"40\" class=\"wpcf7-form-control wpcf7-file\" accept=\"audio\/*,video\/*,image\/*\" aria-invalid=\"false\" type=\"file\" name=\"cust_attachment_3\" \/><\/span>\n\t\t\t<\/p>\n\t\t<\/div>\n\t<\/div>\n\t<div class=\"wps-form-row\">\n\t\t<div class=\"wps-form-column\">\n\t\t\t<p><input class=\"wpcf7-form-control wpcf7-submit has-spinner\" type=\"submit\" value=\"Senden\" \/>\n\t\t\t<\/p>\n\t\t<\/div>\n\t<\/div>\n\t<p class=\"small-print\"><br \/>\nGesch\u00fctzt durch reCAPTCHA. Es gelten die <a href=\"https:\/\/www.google.com\/intl\/de\/policies\/privacy\/\" target=\"_blank\">Datenschutzerkl\u00e4rungen<\/a> und <a href=\"https:\/\/www.google.com\/intl\/de\/policies\/terms\/\" target=\"_blank\">Nutzungsbedingungen<\/a> von Google reCAPTCHA.\n\t<\/p>\n<\/div><div class=\"wpcf7-response-output\" aria-hidden=\"true\"><\/div>\n<\/form>\n<\/div>\n<\/div>\t\t\t<div class=\"layout-padding-l col-xs-12 col-sm-6 col-md-6 col-lg-6 col-xl-6\"><div  class=\"content-box arrow-link style-light type-imgtop\">\n\t\n\t\n\t<div class=\"content-wrap\">\n\t\t<div class=\"content no-inner-padding\">\n\t\t\t<h2>Contact<\/h2><p>apova gmbh<br \/>Tannenstrasse 13<br \/>8500 Frauenfeld<\/p><p><a href=\"tel:0041527208989\">+41 52 720 89 89<\/a><br \/><a href=\"mailto:hallo@apova.ch\">hallo@apova.ch<\/a><\/p>\n\t\t<\/div>\n\t<\/div>\n<\/div><\/div><\/div>\n\t\t\t<\/div>\n\t\t<\/div>\t\t<div class=\"page-section style-default layout-nomp align-default\" >\n\t\t\t<div class=\"container-fluid\">\n\t\t\t\t<div class=\"row\">\t\t\t<div class=\"layout-nopm col-xs-12 col-sm-12 col-md-12 col-lg-12 col-xl-12\"><iframe loading=\"lazy\" src=\"https:\/\/www.google.com\/maps\/embed?pb=!1m18!1m12!1m3!1d2692.732731988374!2d8.878641315878223!3d47.55353027918127!2m3!1f0!2f0!3f0!3m2!1i1024!2i768!4f13.1!3m3!1m2!1s0x479a918de7506bfb%3A0x92f2317d72f72652!2sTannenstrasse%2013%2C%208500%20Frauenfeld!5e0!3m2!1sde!2sch!4v1584467589538!5m2!1sde!2sch\" width=\"600\" height=\"450\" frameborder=\"0\" style=\"border:0;\" allowfullscreen=\"\" aria-hidden=\"false\" tabindex=\"0\"><\/iframe><\/div><\/div>\n\t\t\t<\/div>\n\t\t<\/div>","protected":false},"excerpt":{"rendered":"<p>There&#8217;s no harm in asking. Tell me more.We would be happy to tell you more about the advantages of regular maintenance of the sanitary systems. And that without any obligation. After all, nobody wants to buy a pig in a poke. Vorname * Name * Strasse \/ Nr. * PLZ \/ Ort * E-Mail Adresse [&hellip;]<\/p>\n","protected":false},"author":1,"featured_media":0,"parent":0,"menu_order":0,"comment_status":"closed","ping_status":"closed","template":"","meta":{"_acf_changed":false,"inline_featured_image":false,"footnotes":""},"class_list":["post-1782","page","type-page","status-publish","hentry"],"acf":[],"yoast_head":"<!-- This site is optimized with the Yoast SEO plugin v27.4 - https:\/\/yoast.com\/product\/yoast-seo-wordpress\/ -->\n<title>Contact - apova<\/title>\n<meta name=\"description\" content=\"Apova offers sanitation service, heating service and drinking water hygiene.And advises their customers on all technical issues when it comes to building services engineering.\" \/>\n<meta name=\"robots\" content=\"index, follow, max-snippet:-1, max-image-preview:large, max-video-preview:-1\" \/>\n<link rel=\"canonical\" href=\"https:\/\/apova.ch\/en\/contact\/\" \/>\n<meta property=\"og:locale\" content=\"en_US\" \/>\n<meta property=\"og:type\" content=\"article\" \/>\n<meta property=\"og:title\" content=\"Contact - apova\" \/>\n<meta property=\"og:description\" content=\"Apova offers sanitation service, heating service and drinking water hygiene.And advises their customers on all technical issues when it comes to building services engineering.\" \/>\n<meta property=\"og:url\" content=\"https:\/\/apova.ch\/en\/contact\/\" \/>\n<meta property=\"og:site_name\" content=\"apova\" \/>\n<meta property=\"article:modified_time\" content=\"2023-02-01T10:03:46+00:00\" \/>\n<meta name=\"twitter:card\" content=\"summary_large_image\" \/>\n<script type=\"application\/ld+json\" class=\"yoast-schema-graph\">{\"@context\":\"https:\\\/\\\/schema.org\",\"@graph\":[{\"@type\":\"WebPage\",\"@id\":\"https:\\\/\\\/apova.ch\\\/en\\\/contact\\\/\",\"url\":\"https:\\\/\\\/apova.ch\\\/en\\\/contact\\\/\",\"name\":\"Contact - apova\",\"isPartOf\":{\"@id\":\"https:\\\/\\\/apova.ch\\\/de\\\/#website\"},\"datePublished\":\"2019-03-08T16:53:04+00:00\",\"dateModified\":\"2023-02-01T10:03:46+00:00\",\"description\":\"Apova offers sanitation service, heating service and drinking water hygiene.And advises their customers on all technical issues when it comes to building services engineering.\",\"breadcrumb\":{\"@id\":\"https:\\\/\\\/apova.ch\\\/en\\\/contact\\\/#breadcrumb\"},\"inLanguage\":\"en-US\",\"potentialAction\":[{\"@type\":\"ReadAction\",\"target\":[\"https:\\\/\\\/apova.ch\\\/en\\\/contact\\\/\"]}]},{\"@type\":\"BreadcrumbList\",\"@id\":\"https:\\\/\\\/apova.ch\\\/en\\\/contact\\\/#breadcrumb\",\"itemListElement\":[{\"@type\":\"ListItem\",\"position\":1,\"name\":\"Startseite\",\"item\":\"https:\\\/\\\/apova.ch\\\/en\\\/\"},{\"@type\":\"ListItem\",\"position\":2,\"name\":\"Contact\"}]},{\"@type\":\"WebSite\",\"@id\":\"https:\\\/\\\/apova.ch\\\/de\\\/#website\",\"url\":\"https:\\\/\\\/apova.ch\\\/de\\\/\",\"name\":\"apova\",\"description\":\"\",\"potentialAction\":[{\"@type\":\"SearchAction\",\"target\":{\"@type\":\"EntryPoint\",\"urlTemplate\":\"https:\\\/\\\/apova.ch\\\/de\\\/?s={search_term_string}\"},\"query-input\":{\"@type\":\"PropertyValueSpecification\",\"valueRequired\":true,\"valueName\":\"search_term_string\"}}],\"inLanguage\":\"en-US\"}]}<\/script>\n<!-- \/ Yoast SEO plugin. -->","yoast_head_json":{"title":"Contact - apova","description":"Apova offers sanitation service, heating service and drinking water hygiene.And advises their customers on all technical issues when it comes to building services engineering.","robots":{"index":"index","follow":"follow","max-snippet":"max-snippet:-1","max-image-preview":"max-image-preview:large","max-video-preview":"max-video-preview:-1"},"canonical":"https:\/\/apova.ch\/en\/contact\/","og_locale":"en_US","og_type":"article","og_title":"Contact - apova","og_description":"Apova offers sanitation service, heating service and drinking water hygiene.And advises their customers on all technical issues when it comes to building services engineering.","og_url":"https:\/\/apova.ch\/en\/contact\/","og_site_name":"apova","article_modified_time":"2023-02-01T10:03:46+00:00","twitter_card":"summary_large_image","schema":{"@context":"https:\/\/schema.org","@graph":[{"@type":"WebPage","@id":"https:\/\/apova.ch\/en\/contact\/","url":"https:\/\/apova.ch\/en\/contact\/","name":"Contact - apova","isPartOf":{"@id":"https:\/\/apova.ch\/de\/#website"},"datePublished":"2019-03-08T16:53:04+00:00","dateModified":"2023-02-01T10:03:46+00:00","description":"Apova offers sanitation service, heating service and drinking water hygiene.And advises their customers on all technical issues when it comes to building services engineering.","breadcrumb":{"@id":"https:\/\/apova.ch\/en\/contact\/#breadcrumb"},"inLanguage":"en-US","potentialAction":[{"@type":"ReadAction","target":["https:\/\/apova.ch\/en\/contact\/"]}]},{"@type":"BreadcrumbList","@id":"https:\/\/apova.ch\/en\/contact\/#breadcrumb","itemListElement":[{"@type":"ListItem","position":1,"name":"Startseite","item":"https:\/\/apova.ch\/en\/"},{"@type":"ListItem","position":2,"name":"Contact"}]},{"@type":"WebSite","@id":"https:\/\/apova.ch\/de\/#website","url":"https:\/\/apova.ch\/de\/","name":"apova","description":"","potentialAction":[{"@type":"SearchAction","target":{"@type":"EntryPoint","urlTemplate":"https:\/\/apova.ch\/de\/?s={search_term_string}"},"query-input":{"@type":"PropertyValueSpecification","valueRequired":true,"valueName":"search_term_string"}}],"inLanguage":"en-US"}]}},"_links":{"self":[{"href":"https:\/\/apova.ch\/en\/wp-json\/wp\/v2\/pages\/1782","targetHints":{"allow":["GET"]}}],"collection":[{"href":"https:\/\/apova.ch\/en\/wp-json\/wp\/v2\/pages"}],"about":[{"href":"https:\/\/apova.ch\/en\/wp-json\/wp\/v2\/types\/page"}],"author":[{"embeddable":true,"href":"https:\/\/apova.ch\/en\/wp-json\/wp\/v2\/users\/1"}],"replies":[{"embeddable":true,"href":"https:\/\/apova.ch\/en\/wp-json\/wp\/v2\/comments?post=1782"}],"version-history":[{"count":13,"href":"https:\/\/apova.ch\/en\/wp-json\/wp\/v2\/pages\/1782\/revisions"}],"predecessor-version":[{"id":2255,"href":"https:\/\/apova.ch\/en\/wp-json\/wp\/v2\/pages\/1782\/revisions\/2255"}],"wp:attachment":[{"href":"https:\/\/apova.ch\/en\/wp-json\/wp\/v2\/media?parent=1782"}],"curies":[{"name":"wp","href":"https:\/\/api.w.org\/{rel}","templated":true}]}}